{"id":1955,"date":"2026-03-23T11:22:17","date_gmt":"2026-03-23T09:22:17","guid":{"rendered":"https:\/\/www.portaferrada.cat\/faqs\/faqs-recintes\/"},"modified":"2026-04-13T13:53:13","modified_gmt":"2026-04-13T11:53:13","slug":"faqs-recintes","status":"publish","type":"page","link":"https:\/\/www.portaferrada.cat\/es\/faqs\/faqs-recintes\/","title":{"rendered":"PREGUNTES SOBRE EL RECINTE-faqs-es"},"content":{"rendered":"\n<header class=\"wp-block-group has-background-color has-foreground-background-color has-text-color has-background has-link-color wp-elements-db929c9dbd4dc942d7a504993a15905a is-layout-flow wp-block-group-is-layout-flow\" style=\"margin-top:0;margin-bottom:0\">\n<h1 class=\"wp-block-heading has-text-align-center has-background-color has-text-color has-link-color has-x-large-font-size wp-elements-572d301c57370eb96f60c47e1c4f9a6a\" style=\"text-transform:uppercase\">Preguntas sobre los recintos<\/h1>\n<\/header>\n\n\n\n<div class=\"wp-block-group has-foreground-background-color has-background has-global-padding is-layout-constrained wp-block-group-is-layout-constrained\">\n<div class=\"wp-block-columns has-foreground-background-color has-background is-layout-flex wp-container-core-columns-is-layout-039d06b3 wp-block-columns-is-layout-flex\" style=\"margin-top:0;margin-bottom:0;padding-right:0;padding-left:0\">\n<div class=\"wp-block-column is-layout-flow wp-block-column-is-layout-flow\" style=\"flex-basis:25%\">\n<div class=\"wp-block-group has-background-background-color has-background has-global-padding is-layout-constrained wp-container-core-group-is-layout-f611be13 wp-block-group-is-layout-constrained\" style=\"padding-top:var(--wp--preset--spacing--50);padding-right:var(--wp--preset--spacing--50);padding-bottom:var(--wp--preset--spacing--50);padding-left:var(--wp--preset--spacing--50)\"><nav class=\"is-vertical wp-block-navigation is-layout-flex wp-container-core-navigation-is-layout-fe9cc265 wp-block-navigation-is-layout-flex\" aria-label=\"Menu_faqs_es\"><ul class=\"wp-block-navigation__container  is-vertical wp-block-navigation\"><li class=\" wp-block-navigation-item wp-block-navigation-link\"><a class=\"wp-block-navigation-item__content\"  href=\"https:\/\/www.portaferrada.cat\/es\/faqs\/faqs-recintes\/\"><span class=\"wp-block-navigation-item__label\">PREGUNTAS SOBRE LOS RECINTOS<\/span><\/a><\/li><li class=\" wp-block-navigation-item wp-block-navigation-link\"><a class=\"wp-block-navigation-item__content\"  href=\"https:\/\/www.portaferrada.cat\/es\/faqs\/faqs_entrades\/\"><span class=\"wp-block-navigation-item__label\">PREGUNTAS SOBRE LAS ENTRADAS<\/span><\/a><\/li><li class=\" wp-block-navigation-item wp-block-navigation-link\"><a class=\"wp-block-navigation-item__content\"  href=\"https:\/\/www.portaferrada.cat\/es\/faqs\/faqs_menors\/\"><span class=\"wp-block-navigation-item__label\">POL\u00cdTICA DE MENORES<\/span><\/a><\/li><li class=\" wp-block-navigation-item wp-block-navigation-link\"><a class=\"wp-block-navigation-item__content\"  href=\"https:\/\/www.portaferrada.cat\/es\/faqs\/descuentos\/\"><span class=\"wp-block-navigation-item__label\">DESCUENTOS<\/span><\/a><\/li><\/ul><\/nav><\/div>\n<\/div>\n\n\n\n<div class=\"wp-block-column is-layout-flow wp-container-core-column-is-layout-22223934 wp-block-column-is-layout-flow\">\n<details class=\"wp-block-details has-background-background-color has-background is-layout-flow wp-block-details-is-layout-flow\"><summary><strong><strong>\u00bfC\u00f3mo ser\u00e1 el festival Porta Ferrada Occident 2026?<\/strong><\/strong><\/summary>\n<p class=\"has-small-font-size\">El Festival Porta Ferrada Occident 2026 es un festival de m\u00fasica y artes esc\u00e9nicas que se celebra en Sant Feliu de Gu\u00edxols, en plena Costa Brava, del 10 de julio al 20 de agosto.<\/p>\n\n\n\n<p class=\"has-small-font-size\">Con m\u00e1s de seis d\u00e9cadas de historia, es el festival de verano m\u00e1s antiguo de Catalu\u00f1a y una de las grandes citas culturales del Mediterr\u00e1neo. Su programaci\u00f3n combina grandes nombres y propuestas diversas en un entorno \u00fanico, donde cada concierto se vive de forma diferente.<\/p>\n\n\n\n<p class=\"has-small-font-size\">M\u00e1s que un recinto, Porta Ferrada Occident es un festival de lugares: del gran formato del Gu\u00edxols Arena a la proximidad del Espai Port junto al mar, pasando por espacios con historia como el Monestir o propuestas m\u00e1s \u00edntimas en teatros y salas.&nbsp;&nbsp;<\/p>\n\n\n\n<p class=\"has-small-font-size\">En los distintos espacios encontrar\u00e1s conciertos y actividades, adem\u00e1s de barras de bebida y zonas gastron\u00f3micas con mesas y oferta de comida para disfrutar sin prisas. Los conciertos tienen la duraci\u00f3n habitual de cada artista, aproximadamente entre 75 y 90 minutos.<\/p>\n\n\n\n<p class=\"has-small-font-size\">Tambi\u00e9n podr\u00e1s alargar la experiencia en espacios como el Village, pensados para pasear, descubrir y dejarte llevar.<\/p>\n<\/details>\n\n\n\n<details class=\"wp-block-details has-background-background-color has-background is-layout-flow wp-block-details-is-layout-flow\"><summary><strong><strong>C\u00f3mo llegar e irse de los recintos.<\/strong><\/strong><\/summary>\n<p class=\"has-small-font-size\">El Festival Porta Ferrada Occident 2026 se celebra en distintos espacios de Sant Feliu de Gu\u00edxols, todos ellos bien conectados y accesibles.<\/p>\n\n\n\n<p class=\"has-small-font-size\">Te recomendamos consultar la ubicaci\u00f3n exacta de cada escenario y planificar tu llegada con antelaci\u00f3n:<\/p>\n\n\n\n<p class=\"has-small-font-size\">\ud83d\udc49 [<a href=\"https:\/\/www.portaferrada.cat\/es\/artistas\/\" type=\"link\" id=\"https:\/\/www.portaferrada.cat\/es\/artistas\/\">Ver espacios<\/a>]<\/p>\n<\/details>\n\n\n\n<details class=\"wp-block-details has-background-background-color has-background is-layout-flow wp-block-details-is-layout-flow\"><summary><strong><strong>Movilidad reducida.<\/strong><\/strong><\/summary>\n<p class=\"has-small-font-size\">Todos los espacios del Festival Porta Ferrada Occident 2026 est\u00e1n adaptados para personas con movilidad reducida.<\/p>\n\n\n\n<p class=\"has-small-font-size\">Adem\u00e1s, se habilitar\u00e1n zonas y\/o asientos reservados para garantizar una experiencia c\u00f3moda y accesible durante los conciertos.<\/p>\n<\/details>\n\n\n\n<details class=\"wp-block-details has-background-background-color has-background is-layout-flow wp-block-details-is-layout-flow\"><summary><strong><strong>&nbsp;\u00bfPuedo entrar y salir de los recintos?<\/strong><\/strong><\/summary>\n<p class=\"has-small-font-size\">No. Una vez accedas a los recintos no podr\u00e1s salir hasta que quieras marcharte definitivamente.<\/p>\n<\/details>\n\n\n\n<details class=\"wp-block-details has-background-background-color has-background is-layout-flow wp-block-details-is-layout-flow\"><summary><strong><strong><strong>\u00bfQu\u00e9 se puede entrar y qu\u00e9 no en los recintos?<\/strong><\/strong><\/strong><\/summary>\n<p class=\"has-small-font-size\">No se puede acceder a los recintos con bebidas, con la excepci\u00f3n de una botella de agua peque\u00f1a (33 cl), a la que se le retirar\u00e1 el tap\u00f3n por motivos de seguridad.<\/p>\n\n\n\n<p class=\"has-small-font-size\">Se puede acceder con comida, pero no con cubiertos ni envases de vidrio.<\/p>\n\n\n\n<p class=\"has-small-font-size\">No se permite el acceso con botellas reutilizables (pl\u00e1stico, vidrio o metal).<\/p>\n\n\n\n<p class=\"has-small-font-size\">No est\u00e1 permitida la entrada de c\u00e1maras fotogr\u00e1ficas o de v\u00eddeo profesionales, cascos de moto, palos selfie, bolsas o maletas grandes, patinetes o bicicletas, ni sillas o taburetes.<\/p>\n\n\n\n<p class=\"has-small-font-size\">No se permite la entrada de animales en los recintos.<\/p>\n<\/details>\n<\/div>\n<\/div>\n<\/div>\n","protected":false},"excerpt":{"rendered":"<p>Preguntas sobre los recintos<\/p>\n","protected":false},"author":1,"featured_media":0,"parent":1731,"menu_order":0,"comment_status":"closed","ping_status":"closed","template":"","meta":{"_acf_changed":false,"footnotes":""},"class_list":["post-1955","page","type-page","status-publish","hentry"],"acf":[],"yoast_head":"<!-- This site is optimized with the Yoast SEO plugin v27.5 - https:\/\/yoast.com\/product\/yoast-seo-wordpress\/ -->\n<title>PREGUNTES SOBRE EL RECINTE-faqs-es - Festival de la Porta Ferrada Occident<\/title>\n<meta name=\"robots\" content=\"index, follow, max-snippet:-1, max-image-preview:large, max-video-preview:-1\" \/>\n<link rel=\"canonical\" href=\"https:\/\/www.portaferrada.cat\/es\/faqs\/faqs-recintes\/\" \/>\n<meta property=\"og:locale\" content=\"es_ES\" \/>\n<meta property=\"og:type\" content=\"article\" \/>\n<meta property=\"og:title\" content=\"PREGUNTES SOBRE EL RECINTE-faqs-es - Festival de la Porta Ferrada Occident\" \/>\n<meta property=\"og:description\" content=\"Preguntas sobre los recintos\" \/>\n<meta property=\"og:url\" content=\"https:\/\/www.portaferrada.cat\/es\/faqs\/faqs-recintes\/\" \/>\n<meta property=\"og:site_name\" content=\"Festival de la Porta Ferrada Occident\" \/>\n<meta property=\"article:modified_time\" content=\"2026-04-13T11:53:13+00:00\" \/>\n<meta name=\"twitter:card\" content=\"summary_large_image\" \/>\n<meta name=\"twitter:label1\" content=\"Tiempo de lectura\" \/>\n\t<meta name=\"twitter:data1\" content=\"3 minutos\" \/>\n<script type=\"application\/ld+json\" class=\"yoast-schema-graph\">{\"@context\":\"https:\\\/\\\/schema.org\",\"@graph\":[{\"@type\":\"WebPage\",\"@id\":\"https:\\\/\\\/www.portaferrada.cat\\\/es\\\/faqs\\\/faqs-recintes\\\/\",\"url\":\"https:\\\/\\\/www.portaferrada.cat\\\/es\\\/faqs\\\/faqs-recintes\\\/\",\"name\":\"PREGUNTES SOBRE EL RECINTE-faqs-es - Festival de la Porta Ferrada Occident\",\"isPartOf\":{\"@id\":\"https:\\\/\\\/www.portaferrada.cat\\\/es\\\/#website\"},\"datePublished\":\"2026-03-23T09:22:17+00:00\",\"dateModified\":\"2026-04-13T11:53:13+00:00\",\"breadcrumb\":{\"@id\":\"https:\\\/\\\/www.portaferrada.cat\\\/es\\\/faqs\\\/faqs-recintes\\\/#breadcrumb\"},\"inLanguage\":\"es\",\"potentialAction\":[{\"@type\":\"ReadAction\",\"target\":[\"https:\\\/\\\/www.portaferrada.cat\\\/es\\\/faqs\\\/faqs-recintes\\\/\"]}]},{\"@type\":\"BreadcrumbList\",\"@id\":\"https:\\\/\\\/www.portaferrada.cat\\\/es\\\/faqs\\\/faqs-recintes\\\/#breadcrumb\",\"itemListElement\":[{\"@type\":\"ListItem\",\"position\":1,\"name\":\"Home\",\"item\":\"https:\\\/\\\/www.portaferrada.cat\\\/es\\\/\"},{\"@type\":\"ListItem\",\"position\":2,\"name\":\"FAQs\",\"item\":\"https:\\\/\\\/www.portaferrada.cat\\\/es\\\/faqs\\\/\"},{\"@type\":\"ListItem\",\"position\":3,\"name\":\"PREGUNTES SOBRE EL RECINTE-faqs-es\"}]},{\"@type\":\"WebSite\",\"@id\":\"https:\\\/\\\/www.portaferrada.cat\\\/es\\\/#website\",\"url\":\"https:\\\/\\\/www.portaferrada.cat\\\/es\\\/\",\"name\":\"Festival de la Porta Ferrada Occident\",\"description\":\"Cultura, Vent i Sal\",\"potentialAction\":[{\"@type\":\"SearchAction\",\"target\":{\"@type\":\"EntryPoint\",\"urlTemplate\":\"https:\\\/\\\/www.portaferrada.cat\\\/es\\\/?s={search_term_string}\"},\"query-input\":{\"@type\":\"PropertyValueSpecification\",\"valueRequired\":true,\"valueName\":\"search_term_string\"}}],\"inLanguage\":\"es\"}]}<\/script>\n<!-- \/ Yoast SEO plugin. -->","yoast_head_json":{"title":"PREGUNTES SOBRE EL RECINTE-faqs-es - Festival de la Porta Ferrada Occident","robots":{"index":"index","follow":"follow","max-snippet":"max-snippet:-1","max-image-preview":"max-image-preview:large","max-video-preview":"max-video-preview:-1"},"canonical":"https:\/\/www.portaferrada.cat\/es\/faqs\/faqs-recintes\/","og_locale":"es_ES","og_type":"article","og_title":"PREGUNTES SOBRE EL RECINTE-faqs-es - Festival de la Porta Ferrada Occident","og_description":"Preguntas sobre los recintos","og_url":"https:\/\/www.portaferrada.cat\/es\/faqs\/faqs-recintes\/","og_site_name":"Festival de la Porta Ferrada Occident","article_modified_time":"2026-04-13T11:53:13+00:00","twitter_card":"summary_large_image","twitter_misc":{"Tiempo de lectura":"3 minutos"},"schema":{"@context":"https:\/\/schema.org","@graph":[{"@type":"WebPage","@id":"https:\/\/www.portaferrada.cat\/es\/faqs\/faqs-recintes\/","url":"https:\/\/www.portaferrada.cat\/es\/faqs\/faqs-recintes\/","name":"PREGUNTES SOBRE EL RECINTE-faqs-es - Festival de la Porta Ferrada Occident","isPartOf":{"@id":"https:\/\/www.portaferrada.cat\/es\/#website"},"datePublished":"2026-03-23T09:22:17+00:00","dateModified":"2026-04-13T11:53:13+00:00","breadcrumb":{"@id":"https:\/\/www.portaferrada.cat\/es\/faqs\/faqs-recintes\/#breadcrumb"},"inLanguage":"es","potentialAction":[{"@type":"ReadAction","target":["https:\/\/www.portaferrada.cat\/es\/faqs\/faqs-recintes\/"]}]},{"@type":"BreadcrumbList","@id":"https:\/\/www.portaferrada.cat\/es\/faqs\/faqs-recintes\/#breadcrumb","itemListElement":[{"@type":"ListItem","position":1,"name":"Home","item":"https:\/\/www.portaferrada.cat\/es\/"},{"@type":"ListItem","position":2,"name":"FAQs","item":"https:\/\/www.portaferrada.cat\/es\/faqs\/"},{"@type":"ListItem","position":3,"name":"PREGUNTES SOBRE EL RECINTE-faqs-es"}]},{"@type":"WebSite","@id":"https:\/\/www.portaferrada.cat\/es\/#website","url":"https:\/\/www.portaferrada.cat\/es\/","name":"Festival de la Porta Ferrada Occident","description":"Cultura, Vent i Sal","potentialAction":[{"@type":"SearchAction","target":{"@type":"EntryPoint","urlTemplate":"https:\/\/www.portaferrada.cat\/es\/?s={search_term_string}"},"query-input":{"@type":"PropertyValueSpecification","valueRequired":true,"valueName":"search_term_string"}}],"inLanguage":"es"}]}},"_links":{"self":[{"href":"https:\/\/www.portaferrada.cat\/es\/wp-json\/wp\/v2\/pages\/1955","targetHints":{"allow":["GET"]}}],"collection":[{"href":"https:\/\/www.portaferrada.cat\/es\/wp-json\/wp\/v2\/pages"}],"about":[{"href":"https:\/\/www.portaferrada.cat\/es\/wp-json\/wp\/v2\/types\/page"}],"author":[{"embeddable":true,"href":"https:\/\/www.portaferrada.cat\/es\/wp-json\/wp\/v2\/users\/1"}],"replies":[{"embeddable":true,"href":"https:\/\/www.portaferrada.cat\/es\/wp-json\/wp\/v2\/comments?post=1955"}],"version-history":[{"count":4,"href":"https:\/\/www.portaferrada.cat\/es\/wp-json\/wp\/v2\/pages\/1955\/revisions"}],"predecessor-version":[{"id":2490,"href":"https:\/\/www.portaferrada.cat\/es\/wp-json\/wp\/v2\/pages\/1955\/revisions\/2490"}],"up":[{"embeddable":true,"href":"https:\/\/www.portaferrada.cat\/es\/wp-json\/wp\/v2\/pages\/1731"}],"wp:attachment":[{"href":"https:\/\/www.portaferrada.cat\/es\/wp-json\/wp\/v2\/media?parent=1955"}],"curies":[{"name":"wp","href":"https:\/\/api.w.org\/{rel}","templated":true}]}}