{"id":1343,"date":"2025-12-18T13:59:59","date_gmt":"2025-12-18T11:59:59","guid":{"rendered":"https:\/\/www.portaferrada.cat\/pagina-exemple\/"},"modified":"2026-04-17T11:54:57","modified_gmt":"2026-04-17T09:54:57","slug":"historia","status":"publish","type":"page","link":"https:\/\/www.portaferrada.cat\/es\/historia\/","title":{"rendered":"Historia"},"content":{"rendered":"\n<header class=\"wp-block-cover\" style=\"margin-top:0;margin-bottom:0;padding-top:30px;padding-right:0;padding-bottom:30px;padding-left:0;min-height:150px;aspect-ratio:unset;\"><img decoding=\"async\" width=\"2048\" height=\"402\" class=\"wp-block-cover__image-background wp-image-2427 size-full\" alt=\"Historia\" src=\"https:\/\/www.portaferrada.cat\/wp-content\/uploads\/2026\/04\/header-background-ejemplo.jpg\" data-object-fit=\"cover\" srcset=\"https:\/\/www.portaferrada.cat\/wp-content\/uploads\/2026\/04\/header-background-ejemplo.jpg 2048w, https:\/\/www.portaferrada.cat\/wp-content\/uploads\/2026\/04\/header-background-ejemplo-300x59.jpg 300w, https:\/\/www.portaferrada.cat\/wp-content\/uploads\/2026\/04\/header-background-ejemplo-1124x221.jpg 1124w, https:\/\/www.portaferrada.cat\/wp-content\/uploads\/2026\/04\/header-background-ejemplo-800x157.jpg 800w, https:\/\/www.portaferrada.cat\/wp-content\/uploads\/2026\/04\/header-background-ejemplo-1536x302.jpg 1536w, https:\/\/www.portaferrada.cat\/wp-content\/uploads\/2026\/04\/header-background-ejemplo-1500x294.jpg 1500w\" sizes=\"(max-width: 2048px) 100vw, 2048px\" \/><span aria-hidden=\"true\" class=\"wp-block-cover__background has-foreground-background-color has-background-dim-30 has-background-dim\"><\/span><div class=\"wp-block-cover__inner-container is-layout-flow wp-block-cover-is-layout-flow\">\n<h1 class=\"wp-block-heading has-text-align-center has-background-color has-text-color has-link-color has-huge-font-size wp-elements-6c945bbf833e2b168c1274c78244c225\">Historia<\/h1>\n<\/div><\/header>\n\n\n\n<div class=\"wp-block-group has-global-padding is-layout-constrained wp-block-group-is-layout-constrained\">\n<p>El Festival de la Porta Ferrada naci\u00f3 en 1958 en Sant Feliu de Gu\u00edxols, en un momento en el que la ciudad quer\u00eda ir m\u00e1s all\u00e1 del turismo de sol y playa y reafirmar la cultura como eje esencial de su identidad. Vinculado a la tradici\u00f3n musical del municipio \u2014tierra de compositores como Juli Garreta\u2014, el festival se celebr\u00f3 inicialmente frente al monasterio, junto a la hist\u00f3rica Porta Ferrada que le da nombre y que, con el tiempo, se ha convertido en su gran s\u00edmbolo.<\/p>\n\n\n\n<p>En sus inicios, la organizaci\u00f3n recay\u00f3 en el Ayuntamiento. A partir de 1983, la asociaci\u00f3n Joventuts Musicals asumi\u00f3 su gesti\u00f3n, impulsando una etapa centrada principalmente en la m\u00fasica cl\u00e1sica y en la participaci\u00f3n de int\u00e9rpretes tanto locales como internacionales. Este periodo fue clave para consolidar el festival como una cita cultural estable y arraigada al territorio.<\/p>\n\n\n\n<p>Un punto de inflexi\u00f3n importante lleg\u00f3 con la 25\u00aa edici\u00f3n, con la incorporaci\u00f3n de Albert Mallol como director art\u00edstico, responsabilidad que sigue ejerciendo en la actualidad. Bajo su liderazgo, el festival ampli\u00f3 horizontes y se convirti\u00f3 en un festival 360, incorporando nuevos lenguajes y disciplinas como el jazz, el rock o la danza, configurando una programaci\u00f3n diversa y contempor\u00e1nea que ha definido su car\u00e1cter hasta hoy.<\/p>\n\n\n\n<p>Con el paso de los a\u00f1os, el crecimiento del festival ha ido de la mano de una evoluci\u00f3n de sus espacios. Desde los primeros escenarios frente al monasterio, se traslad\u00f3 a la Pla\u00e7a Abadia y, posteriormente, incorpor\u00f3 nuevos recintos para adaptarse a formatos m\u00e1s amplios. En 2003, la creaci\u00f3n del Espai Port, junto al mar, marc\u00f3 una nueva etapa y se convirti\u00f3 en uno de los escenarios m\u00e1s emblem\u00e1ticos. M\u00e1s adelante, espacios como el Gu\u00edxols Arena han permitido acoger producciones de gran formato y ampliar su capacidad.<\/p>\n\n\n\n<p>A lo largo de su trayectoria, el festival ha contado con la participaci\u00f3n de artistas de primer nivel nacional e internacional como Lou Reed, Cyndi Lauper, Joe Cocker, Patti Smith, Bryan Ferry, Joan Baez, Wilco, Two Door Cinema Club, Belle &amp; Sebastian, New Order, Tom Jones, Salif Ke\u00efta, Jordi Savall, Ballet de la \u00d3pera de M\u00fanich, The Pretenders, Juan Manuel Serrat, Pat Metheny, Wynton Marsalis, Chick Corea o Ludovico Einaudi, entre muchos otros. Esta diversidad art\u00edstica ha hecho posible una programaci\u00f3n abierta y plural, capaz de atraer a p\u00fablicos muy diversos.<\/p>\n\n\n\n<p>En los \u00faltimos a\u00f1os, el Festival de la Porta Ferrada ha consolidado un modelo de gesti\u00f3n p\u00fablico-privada que combina el impulso institucional, la direcci\u00f3n art\u00edstica y la colaboraci\u00f3n con operadores culturales, y que actualmente inicia una nueva etapa de la mano de la promotora Barcelona Events Musicals.<\/p>\n\n\n\n<p style=\"margin-right:var(--wp--preset--spacing--70);margin-left:var(--wp--preset--spacing--70)\">Paralelamente, el festival ha reforzado su v\u00ednculo con la ciudad y su tejido social, con una presencia destacada del voluntariado y un fuerte sentimiento de pertenencia entre el p\u00fablico. Hoy, con m\u00e1s de seis d\u00e9cadas de historia, el Festival de la Porta Ferrada es el festival de verano m\u00e1s antiguo de Catalu\u00f1a y una de las citas culturales de referencia del pa\u00eds.<\/p>\n\n\n\n<p><\/p>\n<\/div>\n","protected":false},"excerpt":{"rendered":"<p>El Festival de la Porta Ferrada naci\u00f3 en 1958 en Sant Feliu de Gu\u00edxols, en un momento en el que la ciudad quer\u00eda ir m\u00e1s all\u00e1 [&hellip;]<\/p>\n","protected":false},"author":1,"featured_media":0,"parent":0,"menu_order":0,"comment_status":"closed","ping_status":"closed","template":"","meta":{"_acf_changed":false,"footnotes":""},"class_list":["post-1343","page","type-page","status-publish","hentry"],"acf":[],"yoast_head":"<!-- This site is optimized with the Yoast SEO plugin v27.5 - https:\/\/yoast.com\/product\/yoast-seo-wordpress\/ -->\n<title>Historia - Festival de la Porta Ferrada Occident<\/title>\n<meta name=\"robots\" content=\"index, follow, max-snippet:-1, max-image-preview:large, max-video-preview:-1\" \/>\n<link rel=\"canonical\" href=\"https:\/\/www.portaferrada.cat\/es\/historia\/\" \/>\n<meta property=\"og:locale\" content=\"es_ES\" \/>\n<meta property=\"og:type\" content=\"article\" \/>\n<meta property=\"og:title\" content=\"Historia - Festival de la Porta Ferrada Occident\" \/>\n<meta property=\"og:description\" content=\"El Festival de la Porta Ferrada naci\u00f3 en 1958 en Sant Feliu de Gu\u00edxols, en un momento en el que la ciudad quer\u00eda ir m\u00e1s all\u00e1 [&hellip;]\" \/>\n<meta property=\"og:url\" content=\"https:\/\/www.portaferrada.cat\/es\/historia\/\" \/>\n<meta property=\"og:site_name\" content=\"Festival de la Porta Ferrada Occident\" \/>\n<meta property=\"article:modified_time\" content=\"2026-04-17T09:54:57+00:00\" \/>\n<meta property=\"og:image\" content=\"https:\/\/www.portaferrada.cat\/wp-content\/uploads\/2026\/04\/header-background-ejemplo.jpg\" \/>\n\t<meta property=\"og:image:width\" content=\"2048\" \/>\n\t<meta property=\"og:image:height\" content=\"402\" \/>\n\t<meta property=\"og:image:type\" content=\"image\/jpeg\" \/>\n<meta name=\"twitter:card\" content=\"summary_large_image\" \/>\n<meta name=\"twitter:label1\" content=\"Tiempo de lectura\" \/>\n\t<meta name=\"twitter:data1\" content=\"3 minutos\" \/>\n<script type=\"application\/ld+json\" class=\"yoast-schema-graph\">{\"@context\":\"https:\\\/\\\/schema.org\",\"@graph\":[{\"@type\":\"WebPage\",\"@id\":\"https:\\\/\\\/www.portaferrada.cat\\\/es\\\/historia\\\/\",\"url\":\"https:\\\/\\\/www.portaferrada.cat\\\/es\\\/historia\\\/\",\"name\":\"Historia - Festival de la Porta Ferrada Occident\",\"isPartOf\":{\"@id\":\"https:\\\/\\\/www.portaferrada.cat\\\/es\\\/#website\"},\"primaryImageOfPage\":{\"@id\":\"https:\\\/\\\/www.portaferrada.cat\\\/es\\\/historia\\\/#primaryimage\"},\"image\":{\"@id\":\"https:\\\/\\\/www.portaferrada.cat\\\/es\\\/historia\\\/#primaryimage\"},\"thumbnailUrl\":\"https:\\\/\\\/www.portaferrada.cat\\\/wp-content\\\/uploads\\\/2026\\\/04\\\/header-background-ejemplo.jpg\",\"datePublished\":\"2025-12-18T11:59:59+00:00\",\"dateModified\":\"2026-04-17T09:54:57+00:00\",\"breadcrumb\":{\"@id\":\"https:\\\/\\\/www.portaferrada.cat\\\/es\\\/historia\\\/#breadcrumb\"},\"inLanguage\":\"es\",\"potentialAction\":[{\"@type\":\"ReadAction\",\"target\":[\"https:\\\/\\\/www.portaferrada.cat\\\/es\\\/historia\\\/\"]}]},{\"@type\":\"ImageObject\",\"inLanguage\":\"es\",\"@id\":\"https:\\\/\\\/www.portaferrada.cat\\\/es\\\/historia\\\/#primaryimage\",\"url\":\"https:\\\/\\\/www.portaferrada.cat\\\/wp-content\\\/uploads\\\/2026\\\/04\\\/header-background-ejemplo.jpg\",\"contentUrl\":\"https:\\\/\\\/www.portaferrada.cat\\\/wp-content\\\/uploads\\\/2026\\\/04\\\/header-background-ejemplo.jpg\"},{\"@type\":\"BreadcrumbList\",\"@id\":\"https:\\\/\\\/www.portaferrada.cat\\\/es\\\/historia\\\/#breadcrumb\",\"itemListElement\":[{\"@type\":\"ListItem\",\"position\":1,\"name\":\"Home\",\"item\":\"https:\\\/\\\/www.portaferrada.cat\\\/es\\\/\"},{\"@type\":\"ListItem\",\"position\":2,\"name\":\"Historia\"}]},{\"@type\":\"WebSite\",\"@id\":\"https:\\\/\\\/www.portaferrada.cat\\\/es\\\/#website\",\"url\":\"https:\\\/\\\/www.portaferrada.cat\\\/es\\\/\",\"name\":\"Festival de la Porta Ferrada Occident\",\"description\":\"Cultura, Vent i Sal\",\"potentialAction\":[{\"@type\":\"SearchAction\",\"target\":{\"@type\":\"EntryPoint\",\"urlTemplate\":\"https:\\\/\\\/www.portaferrada.cat\\\/es\\\/?s={search_term_string}\"},\"query-input\":{\"@type\":\"PropertyValueSpecification\",\"valueRequired\":true,\"valueName\":\"search_term_string\"}}],\"inLanguage\":\"es\"}]}<\/script>\n<!-- \/ Yoast SEO plugin. -->","yoast_head_json":{"title":"Historia - Festival de la Porta Ferrada Occident","robots":{"index":"index","follow":"follow","max-snippet":"max-snippet:-1","max-image-preview":"max-image-preview:large","max-video-preview":"max-video-preview:-1"},"canonical":"https:\/\/www.portaferrada.cat\/es\/historia\/","og_locale":"es_ES","og_type":"article","og_title":"Historia - Festival de la Porta Ferrada Occident","og_description":"El Festival de la Porta Ferrada naci\u00f3 en 1958 en Sant Feliu de Gu\u00edxols, en un momento en el que la ciudad quer\u00eda ir m\u00e1s all\u00e1 [&hellip;]","og_url":"https:\/\/www.portaferrada.cat\/es\/historia\/","og_site_name":"Festival de la Porta Ferrada Occident","article_modified_time":"2026-04-17T09:54:57+00:00","og_image":[{"width":2048,"height":402,"url":"https:\/\/www.portaferrada.cat\/wp-content\/uploads\/2026\/04\/header-background-ejemplo.jpg","type":"image\/jpeg"}],"twitter_card":"summary_large_image","twitter_misc":{"Tiempo de lectura":"3 minutos"},"schema":{"@context":"https:\/\/schema.org","@graph":[{"@type":"WebPage","@id":"https:\/\/www.portaferrada.cat\/es\/historia\/","url":"https:\/\/www.portaferrada.cat\/es\/historia\/","name":"Historia - Festival de la Porta Ferrada Occident","isPartOf":{"@id":"https:\/\/www.portaferrada.cat\/es\/#website"},"primaryImageOfPage":{"@id":"https:\/\/www.portaferrada.cat\/es\/historia\/#primaryimage"},"image":{"@id":"https:\/\/www.portaferrada.cat\/es\/historia\/#primaryimage"},"thumbnailUrl":"https:\/\/www.portaferrada.cat\/wp-content\/uploads\/2026\/04\/header-background-ejemplo.jpg","datePublished":"2025-12-18T11:59:59+00:00","dateModified":"2026-04-17T09:54:57+00:00","breadcrumb":{"@id":"https:\/\/www.portaferrada.cat\/es\/historia\/#breadcrumb"},"inLanguage":"es","potentialAction":[{"@type":"ReadAction","target":["https:\/\/www.portaferrada.cat\/es\/historia\/"]}]},{"@type":"ImageObject","inLanguage":"es","@id":"https:\/\/www.portaferrada.cat\/es\/historia\/#primaryimage","url":"https:\/\/www.portaferrada.cat\/wp-content\/uploads\/2026\/04\/header-background-ejemplo.jpg","contentUrl":"https:\/\/www.portaferrada.cat\/wp-content\/uploads\/2026\/04\/header-background-ejemplo.jpg"},{"@type":"BreadcrumbList","@id":"https:\/\/www.portaferrada.cat\/es\/historia\/#breadcrumb","itemListElement":[{"@type":"ListItem","position":1,"name":"Home","item":"https:\/\/www.portaferrada.cat\/es\/"},{"@type":"ListItem","position":2,"name":"Historia"}]},{"@type":"WebSite","@id":"https:\/\/www.portaferrada.cat\/es\/#website","url":"https:\/\/www.portaferrada.cat\/es\/","name":"Festival de la Porta Ferrada Occident","description":"Cultura, Vent i Sal","potentialAction":[{"@type":"SearchAction","target":{"@type":"EntryPoint","urlTemplate":"https:\/\/www.portaferrada.cat\/es\/?s={search_term_string}"},"query-input":{"@type":"PropertyValueSpecification","valueRequired":true,"valueName":"search_term_string"}}],"inLanguage":"es"}]}},"_links":{"self":[{"href":"https:\/\/www.portaferrada.cat\/es\/wp-json\/wp\/v2\/pages\/1343","targetHints":{"allow":["GET"]}}],"collection":[{"href":"https:\/\/www.portaferrada.cat\/es\/wp-json\/wp\/v2\/pages"}],"about":[{"href":"https:\/\/www.portaferrada.cat\/es\/wp-json\/wp\/v2\/types\/page"}],"author":[{"embeddable":true,"href":"https:\/\/www.portaferrada.cat\/es\/wp-json\/wp\/v2\/users\/1"}],"replies":[{"embeddable":true,"href":"https:\/\/www.portaferrada.cat\/es\/wp-json\/wp\/v2\/comments?post=1343"}],"version-history":[{"count":4,"href":"https:\/\/www.portaferrada.cat\/es\/wp-json\/wp\/v2\/pages\/1343\/revisions"}],"predecessor-version":[{"id":2707,"href":"https:\/\/www.portaferrada.cat\/es\/wp-json\/wp\/v2\/pages\/1343\/revisions\/2707"}],"wp:attachment":[{"href":"https:\/\/www.portaferrada.cat\/es\/wp-json\/wp\/v2\/media?parent=1343"}],"curies":[{"name":"wp","href":"https:\/\/api.w.org\/{rel}","templated":true}]}}