{"id":1292,"date":"2025-12-18T13:59:59","date_gmt":"2025-12-18T11:59:59","guid":{"rendered":"https:\/\/www.portaferrada.cat\/privacitat\/"},"modified":"2026-04-16T13:11:12","modified_gmt":"2026-04-16T11:11:12","slug":"privacitat","status":"publish","type":"page","link":"https:\/\/www.portaferrada.cat\/es\/privacitat\/","title":{"rendered":"Pol\u00edtica de privacidad"},"content":{"rendered":"\n<div class=\"wp-block-group has-global-padding is-layout-constrained wp-block-group-is-layout-constrained\">\n<h1 class=\"wp-block-heading has-medium-large-font-size\">Pol\u00edtica de privacidad<\/h1>\n\n\n\n<p>Los datos personales facilitados por el usuario ser\u00e1n incorporados a ficheros responsabilidad de BARCELONA EVENTOS MUSICALES S.L.U. (En adelante, \u201cFESTIVAL PORTA FERRADA\u201d). El usuario, al facilitar sus datos y aceptar el tratamiento de las mismas por parte de FESTIVAL PORTA FERRADA, acepta de forma expresa que dichos datos sean tratados de acuerdo con la presente pol\u00edtica de privacidad. El consentimiento del usuario es la base jur\u00eddica del tratamiento de sus datos personales. FESTIVAL PORTA FERRADA no permite el registro de usuarios menores de 14 a\u00f1os.<\/p>\n\n\n\n<p>Los datos e informaci\u00f3n del contacto del responsable del tratamiento de los datos personales facilitados por el usuario son las siguientes:<\/p>\n\n\n\n<p>Los datos e informaci\u00f3n del contacto del responsable del tratamiento de los datos personales facilitados por el usuario son las siguientes:<\/p>\n\n\n\n<figure class=\"wp-block-table\"><table class=\"has-fixed-layout\"><tbody><tr><td><strong>Identidad del responsable<\/strong><\/td><td>BARCELONA EVENTS MUSICALS, S.L.U.<\/td><\/tr><tr><td><strong>Direcci\u00f3n<\/strong><\/td><td>Calle de Pujades n\u00famero 77, 2\u00ba 7\u00ba, 08005 de Barcelona<\/td><\/tr><tr><td><strong>Tel\u00e9fono<\/strong><\/td><td>937073343<\/td><\/tr><tr><td><strong>E-mail<\/strong><\/td><td>festival@portaferrada.cat<\/td><\/tr><tr><td><strong>Delegado de protecci\u00f3n de datos&nbsp;<\/strong><\/td><td>**************<\/td><\/tr><\/tbody><\/table><\/figure>\n\n\n\n<p>La finalidad del tratamiento de los datos personales facilitados es proporcionar al usuario el acceso a los contenidos en l\u00ednea de la web y atender sus solicitudes. El tratamiento de los datos personales es el estrictamente necesario para los fines siguientes y se llevar\u00e1 a cabo \u00fanicamente para las finalidades para las que se solicitan y se autorizan por el usuario:<\/p>\n\n\n\n<p>\u2013 Compra de entradas: La finalidad del tratamiento de los datos personales facilitados por el usuario durante el proceso de compra de entradas es \u00fanicamente la gesti\u00f3n del servicio de compra de entradas solicitado.<\/p>\n\n\n\n<p>\u2013 Env\u00edo de newsletter y SMS: La finalidad del tratamiento de los datos personales facilitados por el usuario es la gesti\u00f3n y env\u00edo de comunicaciones comerciales sobre productos, actividades, promociones y servicios de FESTIVAL PORTA FERRADA y otra informaci\u00f3n relacionada con el mundo musical. FESTIVAL PORTA FERRADA, con los datos facilitados, realizar\u00e1 perfiles espec\u00edficos de usuarios (por gustos musicales, poblaci\u00f3n, edad, n\u00famero de veces de asistencia al festival, etc.) para hacer un seguimiento de la relaci\u00f3n del usuario con el festival y optimizar el contenido de las comunicaciones, adapt\u00e1ndolas al perfil de cada usuario.<\/p>\n\n\n\n<p>El usuario es responsable de la veracidad y actualizaci\u00f3n de los datos facilitados, debiendo ser estos datos propios, reales y exactos. Los datos facilitados entender\u00e1n facilitados por su titular. El usuario ser\u00e1 el \u00fanico responsable de cualquier perjuicio, directo o indirecto, que pudiera ocasionar a cualquier persona debido a la facilitaci\u00f3n de los datos cuando \u00e9stos sean falsos, inexactos, incompletos, no actualizados, o relativos a otra persona.<\/p>\n\n\n\n<p>Los datos personales no ser\u00e1n cedidos ni transmitidos a terceros, ni a ning\u00fan tercer pa\u00eds u organizaci\u00f3n internacional.<\/p>\n\n\n\n<p>Los datos ser\u00e1n conservados mientras se mantenga la vigencia del consentimiento del titular de las mismas y durante todo el tiempo que dure la relaci\u00f3n comercial entre el usuario y FESTIVAL PORTA FERRADA m\u00e1s un per\u00edodo adicional de cuatro a\u00f1os. Despu\u00e9s de este tiempo, los datos ser\u00e1n suprimidos.<\/p>\n\n\n\n<p>El titular de los datos personales tiene derecho a solicitar al responsable del tratamiento el acceso a sus datos, su rectificaci\u00f3n o supresi\u00f3n, a solicitar la portabilidad de los datos, oponerse al tratamiento o solicitarlo su limitaci\u00f3n, y retirar el consentimiento prestado, sin que el ejercicio de estos derechos afecte la licitud del tratamiento basado en el consentimiento previo. Para el ejercicio de cualquiera de estos derechos, el usuario puede dirigir su solicitud por correo electr\u00f3nico a la direcci\u00f3n festival@portaferrada.cat o por escrito al domicilio situado en la calle de Pujades, n\u00famero 77, 2\u00ba 7\u00aa, 08005 de Barcelona. El titular de los datos personales tambi\u00e9n puede presentar una reclamaci\u00f3n ante la Agencia Espa\u00f1ola de Protecci\u00f3n de Datos, como autoridad de control de protecci\u00f3n de datos.a can also file a claim with the Spanish Agency for Data Protection, as the data protection control authority.<\/p>\n<\/div>\n","protected":false},"excerpt":{"rendered":"<p>Pol\u00edtica de privacidad Los datos personales facilitados por el usuario ser\u00e1n incorporados a ficheros responsabilidad de BARCELONA EVENTOS MUSICALES S.L.U. (En adelante, \u201cFESTIVAL PORTA FERRADA\u201d). El [&hellip;]<\/p>\n","protected":false},"author":1,"featured_media":0,"parent":0,"menu_order":0,"comment_status":"closed","ping_status":"closed","template":"","meta":{"_acf_changed":false,"footnotes":""},"class_list":["post-1292","page","type-page","status-publish","hentry"],"acf":[],"yoast_head":"<!-- This site is optimized with the Yoast SEO plugin v27.5 - https:\/\/yoast.com\/product\/yoast-seo-wordpress\/ -->\n<title>Pol\u00edtica de privacidad - Festival de la Porta Ferrada Occident<\/title>\n<meta name=\"robots\" content=\"index, follow, max-snippet:-1, max-image-preview:large, max-video-preview:-1\" \/>\n<link rel=\"canonical\" href=\"https:\/\/www.portaferrada.cat\/es\/privacitat\/\" \/>\n<meta property=\"og:locale\" content=\"es_ES\" \/>\n<meta property=\"og:type\" content=\"article\" \/>\n<meta property=\"og:title\" content=\"Pol\u00edtica de privacidad - Festival de la Porta Ferrada Occident\" \/>\n<meta property=\"og:description\" content=\"Pol\u00edtica de privacidad Los datos personales facilitados por el usuario ser\u00e1n incorporados a ficheros responsabilidad de BARCELONA EVENTOS MUSICALES S.L.U. (En adelante, \u201cFESTIVAL PORTA FERRADA\u201d). El [&hellip;]\" \/>\n<meta property=\"og:url\" content=\"https:\/\/www.portaferrada.cat\/es\/privacitat\/\" \/>\n<meta property=\"og:site_name\" content=\"Festival de la Porta Ferrada Occident\" \/>\n<meta property=\"article:modified_time\" content=\"2026-04-16T11:11:12+00:00\" \/>\n<meta name=\"twitter:card\" content=\"summary_large_image\" \/>\n<meta name=\"twitter:label1\" content=\"Tiempo de lectura\" \/>\n\t<meta name=\"twitter:data1\" content=\"4 minutos\" \/>\n<script type=\"application\/ld+json\" class=\"yoast-schema-graph\">{\"@context\":\"https:\\\/\\\/schema.org\",\"@graph\":[{\"@type\":\"WebPage\",\"@id\":\"https:\\\/\\\/www.portaferrada.cat\\\/es\\\/privacitat\\\/\",\"url\":\"https:\\\/\\\/www.portaferrada.cat\\\/es\\\/privacitat\\\/\",\"name\":\"Pol\u00edtica de privacidad - Festival de la Porta Ferrada Occident\",\"isPartOf\":{\"@id\":\"https:\\\/\\\/www.portaferrada.cat\\\/es\\\/#website\"},\"datePublished\":\"2025-12-18T11:59:59+00:00\",\"dateModified\":\"2026-04-16T11:11:12+00:00\",\"breadcrumb\":{\"@id\":\"https:\\\/\\\/www.portaferrada.cat\\\/es\\\/privacitat\\\/#breadcrumb\"},\"inLanguage\":\"es\",\"potentialAction\":[{\"@type\":\"ReadAction\",\"target\":[\"https:\\\/\\\/www.portaferrada.cat\\\/es\\\/privacitat\\\/\"]}]},{\"@type\":\"BreadcrumbList\",\"@id\":\"https:\\\/\\\/www.portaferrada.cat\\\/es\\\/privacitat\\\/#breadcrumb\",\"itemListElement\":[{\"@type\":\"ListItem\",\"position\":1,\"name\":\"Home\",\"item\":\"https:\\\/\\\/www.portaferrada.cat\\\/es\\\/\"},{\"@type\":\"ListItem\",\"position\":2,\"name\":\"Pol\u00edtica de privacidad\"}]},{\"@type\":\"WebSite\",\"@id\":\"https:\\\/\\\/www.portaferrada.cat\\\/es\\\/#website\",\"url\":\"https:\\\/\\\/www.portaferrada.cat\\\/es\\\/\",\"name\":\"Festival de la Porta Ferrada Occident\",\"description\":\"Cultura, Vent i Sal\",\"potentialAction\":[{\"@type\":\"SearchAction\",\"target\":{\"@type\":\"EntryPoint\",\"urlTemplate\":\"https:\\\/\\\/www.portaferrada.cat\\\/es\\\/?s={search_term_string}\"},\"query-input\":{\"@type\":\"PropertyValueSpecification\",\"valueRequired\":true,\"valueName\":\"search_term_string\"}}],\"inLanguage\":\"es\"}]}<\/script>\n<!-- \/ Yoast SEO plugin. -->","yoast_head_json":{"title":"Pol\u00edtica de privacidad - Festival de la Porta Ferrada Occident","robots":{"index":"index","follow":"follow","max-snippet":"max-snippet:-1","max-image-preview":"max-image-preview:large","max-video-preview":"max-video-preview:-1"},"canonical":"https:\/\/www.portaferrada.cat\/es\/privacitat\/","og_locale":"es_ES","og_type":"article","og_title":"Pol\u00edtica de privacidad - Festival de la Porta Ferrada Occident","og_description":"Pol\u00edtica de privacidad Los datos personales facilitados por el usuario ser\u00e1n incorporados a ficheros responsabilidad de BARCELONA EVENTOS MUSICALES S.L.U. (En adelante, \u201cFESTIVAL PORTA FERRADA\u201d). El [&hellip;]","og_url":"https:\/\/www.portaferrada.cat\/es\/privacitat\/","og_site_name":"Festival de la Porta Ferrada Occident","article_modified_time":"2026-04-16T11:11:12+00:00","twitter_card":"summary_large_image","twitter_misc":{"Tiempo de lectura":"4 minutos"},"schema":{"@context":"https:\/\/schema.org","@graph":[{"@type":"WebPage","@id":"https:\/\/www.portaferrada.cat\/es\/privacitat\/","url":"https:\/\/www.portaferrada.cat\/es\/privacitat\/","name":"Pol\u00edtica de privacidad - Festival de la Porta Ferrada Occident","isPartOf":{"@id":"https:\/\/www.portaferrada.cat\/es\/#website"},"datePublished":"2025-12-18T11:59:59+00:00","dateModified":"2026-04-16T11:11:12+00:00","breadcrumb":{"@id":"https:\/\/www.portaferrada.cat\/es\/privacitat\/#breadcrumb"},"inLanguage":"es","potentialAction":[{"@type":"ReadAction","target":["https:\/\/www.portaferrada.cat\/es\/privacitat\/"]}]},{"@type":"BreadcrumbList","@id":"https:\/\/www.portaferrada.cat\/es\/privacitat\/#breadcrumb","itemListElement":[{"@type":"ListItem","position":1,"name":"Home","item":"https:\/\/www.portaferrada.cat\/es\/"},{"@type":"ListItem","position":2,"name":"Pol\u00edtica de privacidad"}]},{"@type":"WebSite","@id":"https:\/\/www.portaferrada.cat\/es\/#website","url":"https:\/\/www.portaferrada.cat\/es\/","name":"Festival de la Porta Ferrada Occident","description":"Cultura, Vent i Sal","potentialAction":[{"@type":"SearchAction","target":{"@type":"EntryPoint","urlTemplate":"https:\/\/www.portaferrada.cat\/es\/?s={search_term_string}"},"query-input":{"@type":"PropertyValueSpecification","valueRequired":true,"valueName":"search_term_string"}}],"inLanguage":"es"}]}},"_links":{"self":[{"href":"https:\/\/www.portaferrada.cat\/es\/wp-json\/wp\/v2\/pages\/1292","targetHints":{"allow":["GET"]}}],"collection":[{"href":"https:\/\/www.portaferrada.cat\/es\/wp-json\/wp\/v2\/pages"}],"about":[{"href":"https:\/\/www.portaferrada.cat\/es\/wp-json\/wp\/v2\/types\/page"}],"author":[{"embeddable":true,"href":"https:\/\/www.portaferrada.cat\/es\/wp-json\/wp\/v2\/users\/1"}],"replies":[{"embeddable":true,"href":"https:\/\/www.portaferrada.cat\/es\/wp-json\/wp\/v2\/comments?post=1292"}],"version-history":[{"count":4,"href":"https:\/\/www.portaferrada.cat\/es\/wp-json\/wp\/v2\/pages\/1292\/revisions"}],"predecessor-version":[{"id":2676,"href":"https:\/\/www.portaferrada.cat\/es\/wp-json\/wp\/v2\/pages\/1292\/revisions\/2676"}],"wp:attachment":[{"href":"https:\/\/www.portaferrada.cat\/es\/wp-json\/wp\/v2\/media?parent=1292"}],"curies":[{"name":"wp","href":"https:\/\/api.w.org\/{rel}","templated":true}]}}