{"id":1274,"date":"2026-02-27T11:41:37","date_gmt":"2026-02-27T09:41:37","guid":{"rendered":"https:\/\/www.portaferrada.cat\/avis-legal\/"},"modified":"2026-04-16T13:06:19","modified_gmt":"2026-04-16T11:06:19","slug":"avis-legal","status":"publish","type":"page","link":"https:\/\/www.portaferrada.cat\/es\/avis-legal\/","title":{"rendered":"Aviso legal"},"content":{"rendered":"\n<div class=\"wp-block-group has-global-padding is-layout-constrained wp-block-group-is-layout-constrained\">\n<h1 class=\"wp-block-heading has-medium-large-font-size\" style=\"text-transform:uppercase\">Aviso Legal<\/h1>\n\n\n\n<p style=\"text-transform:uppercase\"><strong>1. Titularidad<\/strong><\/p>\n\n\n\n<p>Este portal web es titularidad de la sociedad BARCELONA EVENTS MUSICALS S.L.U. el domicilio social de la cual se encuentra en C\/ PUJADES, 77-79 2n 7a, BARCELONA y el CIF de la cual es B65505257, tel\u00e9fono 93 707 33 43 y correo electr\u00f3nico de contacto festival@portaferrada.cat. Constituida en virtud de escritura p\u00fablica e inscrita en el Registro Mercantil N\u00ba 026171.<\/p>\n\n\n\n<p style=\"text-transform:uppercase\"><strong>2. Derechos de la propiedad intelectual e industrial<\/strong><\/p>\n\n\n\n<p>BARCELONA EVENTS MUSICALS S.L.U. es titular de todos los derechos de propiedad intelectual e industrial del Sitio Web y es tambi\u00e9n titular o tiene la correspondiente licencia sobre los derechos de propiedad intelectual, industrial y de imagen sobre los contenidos disponibles a trav\u00e9s del mismo.<\/p>\n\n\n\n<p>En su virtud, no est\u00e1 permitido suprimir, eludir o manipular el aviso de derechos de autor (\u201ccopyright\u201d) y cualesquiera otros datos de identificaci\u00f3n de los derechos de BARCELONA EVENTS MUSICALS S.L.U. o de sus titulares incorporados a los contenidos, as\u00ed como los dispositivos t\u00e9cnicos de protecci\u00f3n, las huellas digitales o cualesquiera mecanismos de informaci\u00f3n y\/o de identificaci\u00f3n que pudieren contenerse en los contenidos.<\/p>\n\n\n\n<p>Asimismo est\u00e1 prohibido modificar, copiar, reutilizar, explotar, reproducir, comunicar p\u00fablicamente, hacer segundas o posteriores publicaciones, cargar archivos, enviar por correo, transmitir, usar, tratar o distribuir de cualquier forma la totalidad o parte de los contenidos incluidos en el Sitio Web para prop\u00f3sitos p\u00fablicos o comerciales, si no se cuenta con la autorizaci\u00f3n expresa y por escrito de BARCELONA EVENTS MUSICALS S.L.U.&nbsp; o, en su caso, del titular de los derechos a que corresponda.<\/p>\n\n\n\n<p style=\"text-transform:uppercase\"><strong>3. Enlaces<\/strong><\/p>\n\n\n\n<p>En el Sitio Web, el usuario podr\u00e1 encontrar enlaces a otras p\u00e1ginas web mediante diferentes botones,<em> links, banners<\/em>, etc., los cuales son gestionados por terceros. BARCELONA EVENTS MUSICALS S.L.U. no tiene facultad ni medios humanos ni t\u00e9cnicos para conocer, controlar ni aprobar toda la informaci\u00f3n, contenidos, productos o servicios facilitados por otros sitios web a los que se establecen enlaces desde el Sitio Web.<\/p>\n\n\n\n<p>BARCELONA EVENTS MUSICALS S.L.U. no asume ning\u00fan tipo de responsabilidad por cualquier aspecto relativo a la p\u00e1gina web a la que se establece un enlace desde el Sitio Web, en concreto, a t\u00edtulo enunciativo y no limitativo, sobre su funcionamiento, acceso, datos, informaci\u00f3n, archivos, calidad y fiabilidad de sus productos y servicios, sus propios enlaces y\/o cualquiera de sus contenidos, en general.<\/p>\n\n\n\n<p>El establecimiento de cualquier tipo de enlace por parte del Sitio Web a otro sitio web ajeno no implica que exista alg\u00fan tipo de relaci\u00f3n, colaboraci\u00f3n o dependencia entre BARCELONA EVENTS MUSICALS S.L.U. y el responsable del sitio web ajeno.<\/p>\n\n\n\n<p style=\"text-transform:uppercase\"><strong>4. Ley aplicable y jurisdicci\u00f3n<\/strong><\/p>\n\n\n\n<p>Las presentes condiciones generales del Aviso Legal se rigen por la legislaci\u00f3n espa\u00f1ola, siendo competentes los Juzgados y Tribunales de Barcelona para cualquier cuesti\u00f3n que se suscite sobre la interpretaci\u00f3n, aplicaci\u00f3n y cumplimiento de las mismas.<\/p>\n\n\n\n<p><\/p>\n<\/div>\n","protected":false},"excerpt":{"rendered":"<p>Aviso Legal 1. Titularidad Este portal web es titularidad de la sociedad BARCELONA EVENTS MUSICALS S.L.U. el domicilio social de la cual se encuentra en C\/ [&hellip;]<\/p>\n","protected":false},"author":1,"featured_media":0,"parent":0,"menu_order":0,"comment_status":"closed","ping_status":"closed","template":"","meta":{"_acf_changed":false,"footnotes":""},"class_list":["post-1274","page","type-page","status-publish","hentry"],"acf":[],"yoast_head":"<!-- This site is optimized with the Yoast SEO plugin v27.5 - https:\/\/yoast.com\/product\/yoast-seo-wordpress\/ -->\n<title>Aviso legal - Festival de la Porta Ferrada Occident<\/title>\n<meta name=\"robots\" content=\"index, follow, max-snippet:-1, max-image-preview:large, max-video-preview:-1\" \/>\n<link rel=\"canonical\" href=\"https:\/\/www.portaferrada.cat\/es\/avis-legal\/\" \/>\n<meta property=\"og:locale\" content=\"es_ES\" \/>\n<meta property=\"og:type\" content=\"article\" \/>\n<meta property=\"og:title\" content=\"Aviso legal - Festival de la Porta Ferrada Occident\" \/>\n<meta property=\"og:description\" content=\"Aviso Legal 1. Titularidad Este portal web es titularidad de la sociedad BARCELONA EVENTS MUSICALS S.L.U. el domicilio social de la cual se encuentra en C\/ [&hellip;]\" \/>\n<meta property=\"og:url\" content=\"https:\/\/www.portaferrada.cat\/es\/avis-legal\/\" \/>\n<meta property=\"og:site_name\" content=\"Festival de la Porta Ferrada Occident\" \/>\n<meta property=\"article:modified_time\" content=\"2026-04-16T11:06:19+00:00\" \/>\n<meta name=\"twitter:card\" content=\"summary_large_image\" \/>\n<meta name=\"twitter:label1\" content=\"Tiempo de lectura\" \/>\n\t<meta name=\"twitter:data1\" content=\"3 minutos\" \/>\n<script type=\"application\/ld+json\" class=\"yoast-schema-graph\">{\"@context\":\"https:\\\/\\\/schema.org\",\"@graph\":[{\"@type\":\"WebPage\",\"@id\":\"https:\\\/\\\/www.portaferrada.cat\\\/es\\\/avis-legal\\\/\",\"url\":\"https:\\\/\\\/www.portaferrada.cat\\\/es\\\/avis-legal\\\/\",\"name\":\"Aviso legal - Festival de la Porta Ferrada Occident\",\"isPartOf\":{\"@id\":\"https:\\\/\\\/www.portaferrada.cat\\\/es\\\/#website\"},\"datePublished\":\"2026-02-27T09:41:37+00:00\",\"dateModified\":\"2026-04-16T11:06:19+00:00\",\"breadcrumb\":{\"@id\":\"https:\\\/\\\/www.portaferrada.cat\\\/es\\\/avis-legal\\\/#breadcrumb\"},\"inLanguage\":\"es\",\"potentialAction\":[{\"@type\":\"ReadAction\",\"target\":[\"https:\\\/\\\/www.portaferrada.cat\\\/es\\\/avis-legal\\\/\"]}]},{\"@type\":\"BreadcrumbList\",\"@id\":\"https:\\\/\\\/www.portaferrada.cat\\\/es\\\/avis-legal\\\/#breadcrumb\",\"itemListElement\":[{\"@type\":\"ListItem\",\"position\":1,\"name\":\"Home\",\"item\":\"https:\\\/\\\/www.portaferrada.cat\\\/es\\\/\"},{\"@type\":\"ListItem\",\"position\":2,\"name\":\"Aviso legal\"}]},{\"@type\":\"WebSite\",\"@id\":\"https:\\\/\\\/www.portaferrada.cat\\\/es\\\/#website\",\"url\":\"https:\\\/\\\/www.portaferrada.cat\\\/es\\\/\",\"name\":\"Festival de la Porta Ferrada Occident\",\"description\":\"Cultura, Vent i Sal\",\"potentialAction\":[{\"@type\":\"SearchAction\",\"target\":{\"@type\":\"EntryPoint\",\"urlTemplate\":\"https:\\\/\\\/www.portaferrada.cat\\\/es\\\/?s={search_term_string}\"},\"query-input\":{\"@type\":\"PropertyValueSpecification\",\"valueRequired\":true,\"valueName\":\"search_term_string\"}}],\"inLanguage\":\"es\"}]}<\/script>\n<!-- \/ Yoast SEO plugin. -->","yoast_head_json":{"title":"Aviso legal - Festival de la Porta Ferrada Occident","robots":{"index":"index","follow":"follow","max-snippet":"max-snippet:-1","max-image-preview":"max-image-preview:large","max-video-preview":"max-video-preview:-1"},"canonical":"https:\/\/www.portaferrada.cat\/es\/avis-legal\/","og_locale":"es_ES","og_type":"article","og_title":"Aviso legal - Festival de la Porta Ferrada Occident","og_description":"Aviso Legal 1. Titularidad Este portal web es titularidad de la sociedad BARCELONA EVENTS MUSICALS S.L.U. el domicilio social de la cual se encuentra en C\/ [&hellip;]","og_url":"https:\/\/www.portaferrada.cat\/es\/avis-legal\/","og_site_name":"Festival de la Porta Ferrada Occident","article_modified_time":"2026-04-16T11:06:19+00:00","twitter_card":"summary_large_image","twitter_misc":{"Tiempo de lectura":"3 minutos"},"schema":{"@context":"https:\/\/schema.org","@graph":[{"@type":"WebPage","@id":"https:\/\/www.portaferrada.cat\/es\/avis-legal\/","url":"https:\/\/www.portaferrada.cat\/es\/avis-legal\/","name":"Aviso legal - Festival de la Porta Ferrada Occident","isPartOf":{"@id":"https:\/\/www.portaferrada.cat\/es\/#website"},"datePublished":"2026-02-27T09:41:37+00:00","dateModified":"2026-04-16T11:06:19+00:00","breadcrumb":{"@id":"https:\/\/www.portaferrada.cat\/es\/avis-legal\/#breadcrumb"},"inLanguage":"es","potentialAction":[{"@type":"ReadAction","target":["https:\/\/www.portaferrada.cat\/es\/avis-legal\/"]}]},{"@type":"BreadcrumbList","@id":"https:\/\/www.portaferrada.cat\/es\/avis-legal\/#breadcrumb","itemListElement":[{"@type":"ListItem","position":1,"name":"Home","item":"https:\/\/www.portaferrada.cat\/es\/"},{"@type":"ListItem","position":2,"name":"Aviso legal"}]},{"@type":"WebSite","@id":"https:\/\/www.portaferrada.cat\/es\/#website","url":"https:\/\/www.portaferrada.cat\/es\/","name":"Festival de la Porta Ferrada Occident","description":"Cultura, Vent i Sal","potentialAction":[{"@type":"SearchAction","target":{"@type":"EntryPoint","urlTemplate":"https:\/\/www.portaferrada.cat\/es\/?s={search_term_string}"},"query-input":{"@type":"PropertyValueSpecification","valueRequired":true,"valueName":"search_term_string"}}],"inLanguage":"es"}]}},"_links":{"self":[{"href":"https:\/\/www.portaferrada.cat\/es\/wp-json\/wp\/v2\/pages\/1274","targetHints":{"allow":["GET"]}}],"collection":[{"href":"https:\/\/www.portaferrada.cat\/es\/wp-json\/wp\/v2\/pages"}],"about":[{"href":"https:\/\/www.portaferrada.cat\/es\/wp-json\/wp\/v2\/types\/page"}],"author":[{"embeddable":true,"href":"https:\/\/www.portaferrada.cat\/es\/wp-json\/wp\/v2\/users\/1"}],"replies":[{"embeddable":true,"href":"https:\/\/www.portaferrada.cat\/es\/wp-json\/wp\/v2\/comments?post=1274"}],"version-history":[{"count":4,"href":"https:\/\/www.portaferrada.cat\/es\/wp-json\/wp\/v2\/pages\/1274\/revisions"}],"predecessor-version":[{"id":2668,"href":"https:\/\/www.portaferrada.cat\/es\/wp-json\/wp\/v2\/pages\/1274\/revisions\/2668"}],"wp:attachment":[{"href":"https:\/\/www.portaferrada.cat\/es\/wp-json\/wp\/v2\/media?parent=1274"}],"curies":[{"name":"wp","href":"https:\/\/api.w.org\/{rel}","templated":true}]}}