{"id":1183,"date":"2026-02-27T20:26:47","date_gmt":"2026-02-27T18:26:47","guid":{"rendered":"https:\/\/www.portaferrada.cat\/teatre-auditori\/"},"modified":"2026-04-17T09:22:23","modified_gmt":"2026-04-17T07:22:23","slug":"teatre-auditori","status":"publish","type":"page","link":"https:\/\/www.portaferrada.cat\/es\/teatre-auditori\/","title":{"rendered":"Teatre Auditori"},"content":{"rendered":"\n<header class=\"wp-block-group has-primary-background-color has-background is-layout-flow wp-block-group-is-layout-flow\" style=\"border-style:none;border-width:0px;margin-top:0;margin-bottom:0;padding-top:var(--wp--preset--spacing--50);padding-bottom:0\">\n<p class=\"has-text-align-left has-foreground-color has-text-color has-link-color has-primary-font-family has-small-font-size wp-elements-3efd030c73c348d79f0f16d185f0accb\" style=\"text-transform:uppercase\"><\/p>\n\n\n\n<h1 class=\"wp-block-heading has-text-align-left has-foreground-color has-text-color has-link-color has-x-large-font-size wp-elements-11f2a341d47217befe089967b2b7bd82\" style=\"margin-top:0;margin-bottom:0;padding-top:0;padding-bottom:0;line-height:1;text-transform:uppercase\"><\/h1>\n\n\n\n<div class=\"wp-block-group is-content-justification-space-between is-layout-flex wp-container-core-group-is-layout-18714d9d wp-block-group-is-layout-flex\" style=\"padding-top:var(--wp--preset--spacing--30);padding-bottom:var(--wp--preset--spacing--30)\"><nav class=\"has-text-color has-foreground-color has-medium-font-size wp-block-navigation is-layout-flex wp-block-navigation-is-layout-flex\" aria-label=\"Espais_CAT\"><ul class=\"wp-block-navigation__container has-text-color has-foreground-color has-medium-font-size wp-block-navigation has-medium-font-size\"><li class=\"has-medium-font-size wp-block-navigation-item wp-block-navigation-link\"><a class=\"wp-block-navigation-item__content\"  href=\"https:\/\/www.portaferrada.cat\/es\/artistas\/\"><span class=\"wp-block-navigation-item__label\">Line-up<\/span><\/a><\/li><li class=\"has-medium-font-size wp-block-navigation-item wp-block-navigation-link\"><a class=\"wp-block-navigation-item__content\"  href=\"https:\/\/www.portaferrada.cat\/es\/guixols-arena\/\"><span class=\"wp-block-navigation-item__label\">Gu\u00edxols Arena<\/span><\/a><\/li><li class=\"has-medium-font-size wp-block-navigation-item wp-block-navigation-link\"><a class=\"wp-block-navigation-item__content\"  href=\"https:\/\/www.portaferrada.cat\/es\/espai-port\/\"><span class=\"wp-block-navigation-item__label\">Espai Port<\/span><\/a><\/li><li class=\"has-medium-font-size wp-block-navigation-item wp-block-navigation-link\"><a class=\"wp-block-navigation-item__content\"  href=\"https:\/\/www.portaferrada.cat\/es\/monestir\/\"><span class=\"wp-block-navigation-item__label\">Monestir<\/span><\/a><\/li><li class=\"has-medium-font-size wp-block-navigation-item wp-block-navigation-link\"><a class=\"wp-block-navigation-item__content\"  href=\"https:\/\/www.portaferrada.cat\/es\/teatre-auditori\/\"><span class=\"wp-block-navigation-item__label\">Teatre Auditori Narc\u00eds Masferrer<\/span><\/a><\/li><li class=\"has-medium-font-size wp-block-navigation-item wp-block-navigation-link\"><a class=\"wp-block-navigation-item__content\"  href=\"https:\/\/www.portaferrada.cat\/es\/sala-las-vegas\/\"><span class=\"wp-block-navigation-item__label\">Sala las Vegas<\/span><\/a><\/li><\/ul><\/nav>\n\n<\/div>\n<\/header>\n\n\n\n<header class=\"wp-block-cover\" style=\"margin-top:0;margin-bottom:0;padding-top:30px;padding-right:0;padding-bottom:30px;padding-left:0;min-height:150px;aspect-ratio:unset;\"><img decoding=\"async\" width=\"2048\" height=\"402\" class=\"wp-block-cover__image-background wp-image-2207 size-full\" alt=\"Teatre Auditori\n\" src=\"https:\/\/www.portaferrada.cat\/wp-content\/uploads\/2026\/04\/Landings_Teatro.jpg\" data-object-fit=\"cover\" srcset=\"https:\/\/www.portaferrada.cat\/wp-content\/uploads\/2026\/04\/Landings_Teatro.jpg 2048w, https:\/\/www.portaferrada.cat\/wp-content\/uploads\/2026\/04\/Landings_Teatro-300x59.jpg 300w, https:\/\/www.portaferrada.cat\/wp-content\/uploads\/2026\/04\/Landings_Teatro-1124x221.jpg 1124w, https:\/\/www.portaferrada.cat\/wp-content\/uploads\/2026\/04\/Landings_Teatro-800x157.jpg 800w, https:\/\/www.portaferrada.cat\/wp-content\/uploads\/2026\/04\/Landings_Teatro-1536x302.jpg 1536w, https:\/\/www.portaferrada.cat\/wp-content\/uploads\/2026\/04\/Landings_Teatro-1500x294.jpg 1500w\" sizes=\"(max-width: 2048px) 100vw, 2048px\" \/><span aria-hidden=\"true\" class=\"wp-block-cover__background has-foreground-background-color has-background-dim-30 has-background-dim\"><\/span><div class=\"wp-block-cover__inner-container is-layout-flow wp-block-cover-is-layout-flow\">\n<h1 class=\"wp-block-heading has-text-align-center has-background-color has-text-color has-link-color has-huge-font-size wp-elements-f20d93c11dd3c35bd6f87e47472a575f\">Teatre Auditori Narc\u00eds Masferrer<\/h1>\n<\/div><\/header>\n\n\n\n<div class=\"wp-block-columns has-background-color has-olive-background-color has-text-color has-background has-link-color wp-elements-c54ea1f206b9f234f2bb9065365b3223 is-layout-flex wp-container-core-columns-is-layout-aefe6fa3 wp-block-columns-is-layout-flex\" style=\"border-top-left-radius:0px;border-top-right-radius:0px;border-bottom-left-radius:0px;border-bottom-right-radius:0px;margin-top:0;margin-bottom:0;padding-top:var(--wp--preset--spacing--60);padding-right:var(--wp--preset--spacing--60);padding-bottom:var(--wp--preset--spacing--60);padding-left:var(--wp--preset--spacing--60)\">\n<div class=\"wp-block-column is-layout-flow wp-block-column-is-layout-flow\" style=\"flex-basis:50%\">\n<p>Un espacio pensado para escuchar. El Teatre Auditori Narc\u00eds Masferrer ofrece una experiencia m\u00e1s pausada, con conciertos sentados y una ac\u00fastica cuidada al detalle.<\/p>\n<\/div>\n\n\n\n<div class=\"wp-block-column is-layout-flow wp-block-column-is-layout-flow\" style=\"flex-basis:50%\">\n<p>Ideal para dejarse llevar por la m\u00fasica con toda la atenci\u00f3n, en un entorno c\u00f3modo y acogedor que invita a vivir cada momento con calma.<\/p>\n<\/div>\n<\/div>\n\n\n\n\n<section id=\"artist-list-block_4caa78279b3fb4642648cd05d59dfa37\" class=\"artist-list-block grid disable-click-for-preview\">\n\n  \n\n\n\n              \n\n<article class=\"artist-item element-item 20260808 post-877 artists type-artists status-publish has-post-thumbnail hentry artists_location-teatre-auditori artists_edition-18\">\n\n\n\n    \n    \n\n\n    <a href=\"https:\/\/www.portaferrada.cat\/es\/artists\/marc-parrot-i-quartet-brossa\/\" title=\"Marc Parrot y Quartet Brossa\">\n\n        <img decoding=\"async\" width=\"768\" height=\"768\" src=\"https:\/\/www.portaferrada.cat\/wp-content\/uploads\/2026\/03\/ImagenWeb_MarcParrot-1-800x800.jpg\" class=\"attachment-medium_large size-medium_large wp-post-image\" alt=\"Marc Parrot y Quartet Brossa\" srcset=\"https:\/\/www.portaferrada.cat\/wp-content\/uploads\/2026\/03\/ImagenWeb_MarcParrot-1-800x800.jpg 800w, https:\/\/www.portaferrada.cat\/wp-content\/uploads\/2026\/03\/ImagenWeb_MarcParrot-1-300x300.jpg 300w, https:\/\/www.portaferrada.cat\/wp-content\/uploads\/2026\/03\/ImagenWeb_MarcParrot-1-150x150.jpg 150w, https:\/\/www.portaferrada.cat\/wp-content\/uploads\/2026\/03\/ImagenWeb_MarcParrot-1.jpg 1000w\" sizes=\"(max-width: 768px) 100vw, 768px\" \/>\n        <div class=\"inner\">\n            <p class=\"title\">\n                Marc Parrot y Quartet Brossa            <\/p>\n\n<!-- !location_has_value() && !date1_has_value() -->\n\n                            <div class=\"meta\">\n                                            <div class=\"date\">\n                            <svg class=\"icon\" viewBox=\"0 0 60 60\">\n                                <use xlink:href=\"#calendar\"><\/use>\n                            <\/svg>\n                            <div class=\"date-text\">\n                                s\u00e1bado 8 agosto &nbsp;20:00h                                                                <div class=\"multi-date\">\n                                    <span><\/span><span><\/span><span><\/span><span><\/span>                                <\/div>\n                            <\/div>\n                        <\/div>\n                                                                <div class=\"location\">\n                            <svg class=\"icon\" viewBox=\"0 0 60 60\">\n                                <use xlink:href=\"#location\"><\/use>\n                            <\/svg>\n                            Teatre Auditori                        <\/div>\n                                    <\/div>\n            \n\n\n\n        <\/div>\n    <\/a>\n            <button class=\"artist_play_button\" data-open=\"modal_video\" data-video=\"jmqQNsuMxI0\">\n            <svg class=\"icon\" viewBox=\"0 0 60 60\">\n                <use xlink:href=\"#play\"><\/use>\n            <\/svg>\n            <span>Video<\/span>\n        <\/button>\n    \n\n<\/article>      \n  \n\n\n\n              \n\n<article class=\"artist-item element-item 20260813 post-952 artists type-artists status-publish has-post-thumbnail hentry artists_location-teatre-auditori artists_edition-18\">\n\n\n\n    \n    \n\n\n    <a href=\"https:\/\/www.portaferrada.cat\/es\/artists\/sandra-monfort\/\" title=\"Sandra Monfort\">\n\n        <img decoding=\"async\" width=\"768\" height=\"768\" src=\"https:\/\/www.portaferrada.cat\/wp-content\/uploads\/2026\/03\/ImagenWeb_Sandra-Monfort-1-800x800.jpg\" class=\"attachment-medium_large size-medium_large wp-post-image\" alt=\"Sandra Monfort\" srcset=\"https:\/\/www.portaferrada.cat\/wp-content\/uploads\/2026\/03\/ImagenWeb_Sandra-Monfort-1-800x800.jpg 800w, https:\/\/www.portaferrada.cat\/wp-content\/uploads\/2026\/03\/ImagenWeb_Sandra-Monfort-1-300x300.jpg 300w, https:\/\/www.portaferrada.cat\/wp-content\/uploads\/2026\/03\/ImagenWeb_Sandra-Monfort-1-150x150.jpg 150w, https:\/\/www.portaferrada.cat\/wp-content\/uploads\/2026\/03\/ImagenWeb_Sandra-Monfort-1.jpg 1000w\" sizes=\"(max-width: 768px) 100vw, 768px\" \/>\n        <div class=\"inner\">\n            <p class=\"title\">\n                Sandra Monfort            <\/p>\n\n<!-- !location_has_value() && !date1_has_value() -->\n\n                            <div class=\"meta\">\n                                            <div class=\"date\">\n                            <svg class=\"icon\" viewBox=\"0 0 60 60\">\n                                <use xlink:href=\"#calendar\"><\/use>\n                            <\/svg>\n                            <div class=\"date-text\">\n                                jueves 13 agosto &nbsp;20:00h                                                                <div class=\"multi-date\">\n                                    <span><\/span><span><\/span><span><\/span><span><\/span>                                <\/div>\n                            <\/div>\n                        <\/div>\n                                                                <div class=\"location\">\n                            <svg class=\"icon\" viewBox=\"0 0 60 60\">\n                                <use xlink:href=\"#location\"><\/use>\n                            <\/svg>\n                            Teatre Auditori                        <\/div>\n                                    <\/div>\n            \n\n\n\n        <\/div>\n    <\/a>\n            <button class=\"artist_play_button\" data-open=\"modal_video\" data-video=\"Un0BCAvMbFc\">\n            <svg class=\"icon\" viewBox=\"0 0 60 60\">\n                <use xlink:href=\"#play\"><\/use>\n            <\/svg>\n            <span>Video<\/span>\n        <\/button>\n    \n\n<\/article>      \n  \n\n\n\n              \n\n<article class=\"artist-item element-item 20260815 post-962 artists type-artists status-publish has-post-thumbnail hentry artists_location-teatre-auditori artists_edition-18\">\n\n\n\n    \n    \n\n\n    <a href=\"https:\/\/www.portaferrada.cat\/es\/artists\/tarta-relena\/\" title=\"Tarta Relena\">\n\n        <img decoding=\"async\" width=\"768\" height=\"768\" src=\"https:\/\/www.portaferrada.cat\/wp-content\/uploads\/2026\/03\/ImagenWeb_Tarta-Relena-1-800x800.jpg\" class=\"attachment-medium_large size-medium_large wp-post-image\" alt=\"Tarta Relena\" srcset=\"https:\/\/www.portaferrada.cat\/wp-content\/uploads\/2026\/03\/ImagenWeb_Tarta-Relena-1-800x800.jpg 800w, https:\/\/www.portaferrada.cat\/wp-content\/uploads\/2026\/03\/ImagenWeb_Tarta-Relena-1-300x300.jpg 300w, https:\/\/www.portaferrada.cat\/wp-content\/uploads\/2026\/03\/ImagenWeb_Tarta-Relena-1-150x150.jpg 150w, https:\/\/www.portaferrada.cat\/wp-content\/uploads\/2026\/03\/ImagenWeb_Tarta-Relena-1.jpg 1000w\" sizes=\"(max-width: 768px) 100vw, 768px\" \/>\n        <div class=\"inner\">\n            <p class=\"title\">\n                Tarta Relena            <\/p>\n\n<!-- !location_has_value() && !date1_has_value() -->\n\n                            <div class=\"meta\">\n                                            <div class=\"date\">\n                            <svg class=\"icon\" viewBox=\"0 0 60 60\">\n                                <use xlink:href=\"#calendar\"><\/use>\n                            <\/svg>\n                            <div class=\"date-text\">\n                                s\u00e1bado 15 agosto &nbsp;20:00h                                                                <div class=\"multi-date\">\n                                    <span><\/span><span><\/span><span><\/span><span><\/span>                                <\/div>\n                            <\/div>\n                        <\/div>\n                                                                <div class=\"location\">\n                            <svg class=\"icon\" viewBox=\"0 0 60 60\">\n                                <use xlink:href=\"#location\"><\/use>\n                            <\/svg>\n                            Teatre Auditori                        <\/div>\n                                    <\/div>\n            \n\n\n\n        <\/div>\n    <\/a>\n            <button class=\"artist_play_button\" data-open=\"modal_video\" data-video=\"Uf5OpeoS3lk\">\n            <svg class=\"icon\" viewBox=\"0 0 60 60\">\n                <use xlink:href=\"#play\"><\/use>\n            <\/svg>\n            <span>Video<\/span>\n        <\/button>\n    \n\n<\/article>      \n  \n\n\n\n\n<\/section>\n\n\n<iframe src=\"https:\/\/www.google.com\/maps\/embed?pb=!1m14!1m8!1m3!1d3595.0718543212756!2d3.0240264!3d41.7802161!3m2!1i1024!2i768!4f13.1!3m3!1m2!1s0x12bb06a285ac637b%3A0x98dd603d301e2b2f!2sTeatre%20Auditori%20Municipal%20%22Narc%C3%ADs%20Masferrer%22%2C%20Sant%20Feliu%20de%20Guixols!5e1!3m2!1ses!2ses!4v1774382809743!5m2!1ses!2ses\" width=\"100%\" height=\"450\" style=\"border:0;\" allowfullscreen=\"\" loading=\"lazy\" referrerpolicy=\"no-referrer-when-downgrade\"><\/iframe>\n\n\n\n<p><\/p>\n","protected":false},"excerpt":{"rendered":"<p>Un espacio pensado para escuchar. El Teatre Auditori Narc\u00eds Masferrer ofrece una experiencia m\u00e1s pausada, con conciertos sentados y una ac\u00fastica cuidada al detalle. Ideal para [&hellip;]<\/p>\n","protected":false},"author":2,"featured_media":0,"parent":0,"menu_order":0,"comment_status":"closed","ping_status":"closed","template":"","meta":{"_acf_changed":false,"footnotes":""},"class_list":["post-1183","page","type-page","status-publish","hentry"],"acf":[],"yoast_head":"<!-- This site is optimized with the Yoast SEO plugin v27.5 - https:\/\/yoast.com\/product\/yoast-seo-wordpress\/ -->\n<title>Teatre Auditori - Festival de la Porta Ferrada Occident<\/title>\n<meta name=\"robots\" content=\"index, follow, max-snippet:-1, max-image-preview:large, max-video-preview:-1\" \/>\n<link rel=\"canonical\" href=\"https:\/\/www.portaferrada.cat\/es\/teatre-auditori\/\" \/>\n<meta property=\"og:locale\" content=\"es_ES\" \/>\n<meta property=\"og:type\" content=\"article\" \/>\n<meta property=\"og:title\" content=\"Teatre Auditori - Festival de la Porta Ferrada Occident\" \/>\n<meta property=\"og:description\" content=\"Un espacio pensado para escuchar. El Teatre Auditori Narc\u00eds Masferrer ofrece una experiencia m\u00e1s pausada, con conciertos sentados y una ac\u00fastica cuidada al detalle. Ideal para [&hellip;]\" \/>\n<meta property=\"og:url\" content=\"https:\/\/www.portaferrada.cat\/es\/teatre-auditori\/\" \/>\n<meta property=\"og:site_name\" content=\"Festival de la Porta Ferrada Occident\" \/>\n<meta property=\"article:modified_time\" content=\"2026-04-17T07:22:23+00:00\" \/>\n<meta property=\"og:image\" content=\"https:\/\/www.portaferrada.cat\/wp-content\/uploads\/2026\/04\/Landings_Teatro.jpg\" \/>\n\t<meta property=\"og:image:width\" content=\"2048\" \/>\n\t<meta property=\"og:image:height\" content=\"402\" \/>\n\t<meta property=\"og:image:type\" content=\"image\/jpeg\" \/>\n<meta name=\"twitter:card\" content=\"summary_large_image\" \/>\n<meta name=\"twitter:label1\" content=\"Tiempo de lectura\" \/>\n\t<meta name=\"twitter:data1\" content=\"1 minuto\" \/>\n<script type=\"application\/ld+json\" class=\"yoast-schema-graph\">{\"@context\":\"https:\\\/\\\/schema.org\",\"@graph\":[{\"@type\":\"WebPage\",\"@id\":\"https:\\\/\\\/www.portaferrada.cat\\\/es\\\/teatre-auditori\\\/\",\"url\":\"https:\\\/\\\/www.portaferrada.cat\\\/es\\\/teatre-auditori\\\/\",\"name\":\"Teatre Auditori - Festival de la Porta Ferrada Occident\",\"isPartOf\":{\"@id\":\"https:\\\/\\\/www.portaferrada.cat\\\/es\\\/#website\"},\"primaryImageOfPage\":{\"@id\":\"https:\\\/\\\/www.portaferrada.cat\\\/es\\\/teatre-auditori\\\/#primaryimage\"},\"image\":{\"@id\":\"https:\\\/\\\/www.portaferrada.cat\\\/es\\\/teatre-auditori\\\/#primaryimage\"},\"thumbnailUrl\":\"https:\\\/\\\/www.portaferrada.cat\\\/wp-content\\\/uploads\\\/2026\\\/04\\\/Landings_Teatro.jpg\",\"datePublished\":\"2026-02-27T18:26:47+00:00\",\"dateModified\":\"2026-04-17T07:22:23+00:00\",\"breadcrumb\":{\"@id\":\"https:\\\/\\\/www.portaferrada.cat\\\/es\\\/teatre-auditori\\\/#breadcrumb\"},\"inLanguage\":\"es\",\"potentialAction\":[{\"@type\":\"ReadAction\",\"target\":[\"https:\\\/\\\/www.portaferrada.cat\\\/es\\\/teatre-auditori\\\/\"]}]},{\"@type\":\"ImageObject\",\"inLanguage\":\"es\",\"@id\":\"https:\\\/\\\/www.portaferrada.cat\\\/es\\\/teatre-auditori\\\/#primaryimage\",\"url\":\"https:\\\/\\\/www.portaferrada.cat\\\/wp-content\\\/uploads\\\/2026\\\/04\\\/Landings_Teatro.jpg\",\"contentUrl\":\"https:\\\/\\\/www.portaferrada.cat\\\/wp-content\\\/uploads\\\/2026\\\/04\\\/Landings_Teatro.jpg\"},{\"@type\":\"BreadcrumbList\",\"@id\":\"https:\\\/\\\/www.portaferrada.cat\\\/es\\\/teatre-auditori\\\/#breadcrumb\",\"itemListElement\":[{\"@type\":\"ListItem\",\"position\":1,\"name\":\"Home\",\"item\":\"https:\\\/\\\/www.portaferrada.cat\\\/es\\\/\"},{\"@type\":\"ListItem\",\"position\":2,\"name\":\"Teatre Auditori\"}]},{\"@type\":\"WebSite\",\"@id\":\"https:\\\/\\\/www.portaferrada.cat\\\/es\\\/#website\",\"url\":\"https:\\\/\\\/www.portaferrada.cat\\\/es\\\/\",\"name\":\"Festival de la Porta Ferrada Occident\",\"description\":\"Cultura, Vent i Sal\",\"potentialAction\":[{\"@type\":\"SearchAction\",\"target\":{\"@type\":\"EntryPoint\",\"urlTemplate\":\"https:\\\/\\\/www.portaferrada.cat\\\/es\\\/?s={search_term_string}\"},\"query-input\":{\"@type\":\"PropertyValueSpecification\",\"valueRequired\":true,\"valueName\":\"search_term_string\"}}],\"inLanguage\":\"es\"}]}<\/script>\n<!-- \/ Yoast SEO plugin. -->","yoast_head_json":{"title":"Teatre Auditori - Festival de la Porta Ferrada Occident","robots":{"index":"index","follow":"follow","max-snippet":"max-snippet:-1","max-image-preview":"max-image-preview:large","max-video-preview":"max-video-preview:-1"},"canonical":"https:\/\/www.portaferrada.cat\/es\/teatre-auditori\/","og_locale":"es_ES","og_type":"article","og_title":"Teatre Auditori - Festival de la Porta Ferrada Occident","og_description":"Un espacio pensado para escuchar. El Teatre Auditori Narc\u00eds Masferrer ofrece una experiencia m\u00e1s pausada, con conciertos sentados y una ac\u00fastica cuidada al detalle. Ideal para [&hellip;]","og_url":"https:\/\/www.portaferrada.cat\/es\/teatre-auditori\/","og_site_name":"Festival de la Porta Ferrada Occident","article_modified_time":"2026-04-17T07:22:23+00:00","og_image":[{"width":2048,"height":402,"url":"https:\/\/www.portaferrada.cat\/wp-content\/uploads\/2026\/04\/Landings_Teatro.jpg","type":"image\/jpeg"}],"twitter_card":"summary_large_image","twitter_misc":{"Tiempo de lectura":"1 minuto"},"schema":{"@context":"https:\/\/schema.org","@graph":[{"@type":"WebPage","@id":"https:\/\/www.portaferrada.cat\/es\/teatre-auditori\/","url":"https:\/\/www.portaferrada.cat\/es\/teatre-auditori\/","name":"Teatre Auditori - Festival de la Porta Ferrada Occident","isPartOf":{"@id":"https:\/\/www.portaferrada.cat\/es\/#website"},"primaryImageOfPage":{"@id":"https:\/\/www.portaferrada.cat\/es\/teatre-auditori\/#primaryimage"},"image":{"@id":"https:\/\/www.portaferrada.cat\/es\/teatre-auditori\/#primaryimage"},"thumbnailUrl":"https:\/\/www.portaferrada.cat\/wp-content\/uploads\/2026\/04\/Landings_Teatro.jpg","datePublished":"2026-02-27T18:26:47+00:00","dateModified":"2026-04-17T07:22:23+00:00","breadcrumb":{"@id":"https:\/\/www.portaferrada.cat\/es\/teatre-auditori\/#breadcrumb"},"inLanguage":"es","potentialAction":[{"@type":"ReadAction","target":["https:\/\/www.portaferrada.cat\/es\/teatre-auditori\/"]}]},{"@type":"ImageObject","inLanguage":"es","@id":"https:\/\/www.portaferrada.cat\/es\/teatre-auditori\/#primaryimage","url":"https:\/\/www.portaferrada.cat\/wp-content\/uploads\/2026\/04\/Landings_Teatro.jpg","contentUrl":"https:\/\/www.portaferrada.cat\/wp-content\/uploads\/2026\/04\/Landings_Teatro.jpg"},{"@type":"BreadcrumbList","@id":"https:\/\/www.portaferrada.cat\/es\/teatre-auditori\/#breadcrumb","itemListElement":[{"@type":"ListItem","position":1,"name":"Home","item":"https:\/\/www.portaferrada.cat\/es\/"},{"@type":"ListItem","position":2,"name":"Teatre Auditori"}]},{"@type":"WebSite","@id":"https:\/\/www.portaferrada.cat\/es\/#website","url":"https:\/\/www.portaferrada.cat\/es\/","name":"Festival de la Porta Ferrada Occident","description":"Cultura, Vent i Sal","potentialAction":[{"@type":"SearchAction","target":{"@type":"EntryPoint","urlTemplate":"https:\/\/www.portaferrada.cat\/es\/?s={search_term_string}"},"query-input":{"@type":"PropertyValueSpecification","valueRequired":true,"valueName":"search_term_string"}}],"inLanguage":"es"}]}},"_links":{"self":[{"href":"https:\/\/www.portaferrada.cat\/es\/wp-json\/wp\/v2\/pages\/1183","targetHints":{"allow":["GET"]}}],"collection":[{"href":"https:\/\/www.portaferrada.cat\/es\/wp-json\/wp\/v2\/pages"}],"about":[{"href":"https:\/\/www.portaferrada.cat\/es\/wp-json\/wp\/v2\/types\/page"}],"author":[{"embeddable":true,"href":"https:\/\/www.portaferrada.cat\/es\/wp-json\/wp\/v2\/users\/2"}],"replies":[{"embeddable":true,"href":"https:\/\/www.portaferrada.cat\/es\/wp-json\/wp\/v2\/comments?post=1183"}],"version-history":[{"count":5,"href":"https:\/\/www.portaferrada.cat\/es\/wp-json\/wp\/v2\/pages\/1183\/revisions"}],"predecessor-version":[{"id":2692,"href":"https:\/\/www.portaferrada.cat\/es\/wp-json\/wp\/v2\/pages\/1183\/revisions\/2692"}],"wp:attachment":[{"href":"https:\/\/www.portaferrada.cat\/es\/wp-json\/wp\/v2\/media?parent=1183"}],"curies":[{"name":"wp","href":"https:\/\/api.w.org\/{rel}","templated":true}]}}