{"id":1175,"date":"2026-02-27T18:35:17","date_gmt":"2026-02-27T16:35:17","guid":{"rendered":"https:\/\/www.portaferrada.cat\/monestir\/"},"modified":"2026-04-17T11:05:24","modified_gmt":"2026-04-17T09:05:24","slug":"monestir","status":"publish","type":"page","link":"https:\/\/www.portaferrada.cat\/es\/monestir\/","title":{"rendered":"Monestir"},"content":{"rendered":"\n<header class=\"wp-block-group has-primary-background-color has-background is-layout-flow wp-block-group-is-layout-flow\" style=\"border-style:none;border-width:0px;margin-top:0;margin-bottom:0;padding-top:var(--wp--preset--spacing--50);padding-bottom:0\">\n<p class=\"has-text-align-left has-foreground-color has-text-color has-link-color has-primary-font-family has-small-font-size wp-elements-3efd030c73c348d79f0f16d185f0accb\" style=\"text-transform:uppercase\"><\/p>\n\n\n\n<h1 class=\"wp-block-heading has-text-align-left has-foreground-color has-text-color has-link-color has-x-large-font-size wp-elements-11f2a341d47217befe089967b2b7bd82\" style=\"margin-top:0;margin-bottom:0;padding-top:0;padding-bottom:0;line-height:1;text-transform:uppercase\"><\/h1>\n\n\n\n<div class=\"wp-block-group is-content-justification-space-between is-layout-flex wp-container-core-group-is-layout-18714d9d wp-block-group-is-layout-flex\" style=\"padding-top:var(--wp--preset--spacing--30);padding-bottom:var(--wp--preset--spacing--30)\"><nav class=\"has-text-color has-foreground-color has-medium-font-size wp-block-navigation is-layout-flex wp-block-navigation-is-layout-flex\" aria-label=\"Espais_CAT\"><ul class=\"wp-block-navigation__container has-text-color has-foreground-color has-medium-font-size wp-block-navigation has-medium-font-size\"><li class=\"has-medium-font-size wp-block-navigation-item wp-block-navigation-link\"><a class=\"wp-block-navigation-item__content\"  href=\"https:\/\/www.portaferrada.cat\/es\/artistas\/\"><span class=\"wp-block-navigation-item__label\">Line-up<\/span><\/a><\/li><li class=\"has-medium-font-size wp-block-navigation-item wp-block-navigation-link\"><a class=\"wp-block-navigation-item__content\"  href=\"https:\/\/www.portaferrada.cat\/es\/guixols-arena\/\"><span class=\"wp-block-navigation-item__label\">Gu\u00edxols Arena<\/span><\/a><\/li><li class=\"has-medium-font-size wp-block-navigation-item wp-block-navigation-link\"><a class=\"wp-block-navigation-item__content\"  href=\"https:\/\/www.portaferrada.cat\/es\/espai-port\/\"><span class=\"wp-block-navigation-item__label\">Espai Port<\/span><\/a><\/li><li class=\"has-medium-font-size wp-block-navigation-item wp-block-navigation-link\"><a class=\"wp-block-navigation-item__content\"  href=\"https:\/\/www.portaferrada.cat\/es\/monestir\/\"><span class=\"wp-block-navigation-item__label\">Monestir<\/span><\/a><\/li><li class=\"has-medium-font-size wp-block-navigation-item wp-block-navigation-link\"><a class=\"wp-block-navigation-item__content\"  href=\"https:\/\/www.portaferrada.cat\/es\/teatre-auditori\/\"><span class=\"wp-block-navigation-item__label\">Teatre Auditori Narc\u00eds Masferrer<\/span><\/a><\/li><li class=\"has-medium-font-size wp-block-navigation-item wp-block-navigation-link\"><a class=\"wp-block-navigation-item__content\"  href=\"https:\/\/www.portaferrada.cat\/es\/sala-las-vegas\/\"><span class=\"wp-block-navigation-item__label\">Sala las Vegas<\/span><\/a><\/li><\/ul><\/nav>\n\n<\/div>\n<\/header>\n\n\n\n<header class=\"wp-block-cover\" style=\"margin-top:0;margin-bottom:0;padding-top:30px;padding-right:0;padding-bottom:30px;padding-left:0;min-height:150px;aspect-ratio:unset;\"><img decoding=\"async\" class=\"wp-block-cover__image-background wp-image-2199 size-full\" alt=\"Monestir\" src=\"https:\/\/www.portaferrada.cat\/wp-content\/uploads\/2026\/04\/Landings_Monestir-04.jpg\" data-object-fit=\"cover\"\/><span aria-hidden=\"true\" class=\"wp-block-cover__background has-foreground-background-color has-background-dim-30 has-background-dim\"><\/span><div class=\"wp-block-cover__inner-container is-layout-flow wp-block-cover-is-layout-flow\">\n<h1 class=\"wp-block-heading has-text-align-center has-background-color has-text-color has-link-color has-huge-font-size wp-elements-adfae6bf55cc5e6e0a95bbf24a6d2f15\">Monestir<\/h1>\n<\/div><\/header>\n\n\n\n<div class=\"wp-block-columns has-background-color has-olive-background-color has-text-color has-background has-link-color wp-elements-38622d181ec1fafab9e25a1d0cd8883f is-layout-flex wp-container-core-columns-is-layout-aefe6fa3 wp-block-columns-is-layout-flex\" style=\"border-top-left-radius:0px;border-top-right-radius:0px;border-bottom-left-radius:0px;border-bottom-right-radius:0px;margin-top:0;margin-bottom:0;padding-top:var(--wp--preset--spacing--60);padding-right:var(--wp--preset--spacing--60);padding-bottom:var(--wp--preset--spacing--60);padding-left:var(--wp--preset--spacing--60)\">\n<div class=\"wp-block-column is-layout-flow wp-block-column-is-layout-flow\" style=\"flex-basis:50%\">\n<p>Uno de los espacios m\u00e1s emblem\u00e1ticos de Sant Feliu de Gu\u00edxols. El Monestir acoge los conciertos en un entorno cargado de historia, donde cada nota resuena con una intensidad diferente.<br><\/p>\n<\/div>\n\n\n\n<div class=\"wp-block-column is-layout-flow wp-block-column-is-layout-flow\" style=\"flex-basis:50%\">\n<p>Un escenario \u00edntimo y singular que transforma cada actuaci\u00f3n en una experiencia especial, de las que solo pueden suceder en un lugar as\u00ed.<\/p>\n<\/div>\n<\/div>\n\n\n\n\n<section id=\"artist-list-block_531715091ea6cd90b7dcbb9d75e4e609\" class=\"artist-list-block grid disable-click-for-preview\">\n\n  \n\n\n\n              \n\n<article class=\"artist-item element-item 20260817 post-967 artists type-artists status-publish has-post-thumbnail hentry artists_location-monestir artists_edition-18\">\n\n\n\n    \n    \n\n\n    <a href=\"https:\/\/www.portaferrada.cat\/es\/artists\/fabio-biondi\/\" title=\"Fabio Biondi &amp; Paola Poncet\">\n\n        <img decoding=\"async\" width=\"768\" height=\"768\" src=\"https:\/\/www.portaferrada.cat\/wp-content\/uploads\/2026\/03\/Web_1000x1000-2-800x800.jpg\" class=\"attachment-medium_large size-medium_large wp-post-image\" alt=\"Fabio Biondi &amp; Paola Poncet\" srcset=\"https:\/\/www.portaferrada.cat\/wp-content\/uploads\/2026\/03\/Web_1000x1000-2-800x800.jpg 800w, https:\/\/www.portaferrada.cat\/wp-content\/uploads\/2026\/03\/Web_1000x1000-2-300x300.jpg 300w, https:\/\/www.portaferrada.cat\/wp-content\/uploads\/2026\/03\/Web_1000x1000-2-150x150.jpg 150w, https:\/\/www.portaferrada.cat\/wp-content\/uploads\/2026\/03\/Web_1000x1000-2.jpg 1000w\" sizes=\"(max-width: 768px) 100vw, 768px\" \/>\n        <div class=\"inner\">\n            <p class=\"title\">\n                Fabio Biondi &amp; Paola Poncet            <\/p>\n\n<!-- !location_has_value() && !date1_has_value() -->\n\n                            <div class=\"meta\">\n                                            <div class=\"date\">\n                            <svg class=\"icon\" viewBox=\"0 0 60 60\">\n                                <use xlink:href=\"#calendar\"><\/use>\n                            <\/svg>\n                            <div class=\"date-text\">\n                                lunes 17 agosto &nbsp;21:00h                                                                <div class=\"multi-date\">\n                                    <span><\/span><span><\/span><span><\/span><span><\/span>                                <\/div>\n                            <\/div>\n                        <\/div>\n                                                                <div class=\"location\">\n                            <svg class=\"icon\" viewBox=\"0 0 60 60\">\n                                <use xlink:href=\"#location\"><\/use>\n                            <\/svg>\n                            Monestir                        <\/div>\n                                    <\/div>\n            \n\n\n\n        <\/div>\n    <\/a>\n    \n\n<\/article>      \n  \n\n\n\n              \n\n<article class=\"artist-item element-item 20260818 post-978 artists type-artists status-publish has-post-thumbnail hentry artists_location-monestir artists_edition-18\">\n\n\n\n    \n    \n\n\n    <a href=\"https:\/\/www.portaferrada.cat\/es\/artists\/orquestra-barroca\/\" title=\"Las cuatro estaciones de A. Vivaldi\">\n\n        <img decoding=\"async\" width=\"768\" height=\"768\" src=\"https:\/\/www.portaferrada.cat\/wp-content\/uploads\/2026\/03\/Web_1000x1000-1-800x800.jpg\" class=\"attachment-medium_large size-medium_large wp-post-image\" alt=\"Europa Galante\" srcset=\"https:\/\/www.portaferrada.cat\/wp-content\/uploads\/2026\/03\/Web_1000x1000-1-800x800.jpg 800w, https:\/\/www.portaferrada.cat\/wp-content\/uploads\/2026\/03\/Web_1000x1000-1-300x300.jpg 300w, https:\/\/www.portaferrada.cat\/wp-content\/uploads\/2026\/03\/Web_1000x1000-1-150x150.jpg 150w, https:\/\/www.portaferrada.cat\/wp-content\/uploads\/2026\/03\/Web_1000x1000-1.jpg 1000w\" sizes=\"(max-width: 768px) 100vw, 768px\" \/>\n        <div class=\"inner\">\n            <p class=\"title\">\n                Las cuatro estaciones de A. Vivaldi            <\/p>\n\n<!-- !location_has_value() && !date1_has_value() -->\n\n                            <div class=\"meta\">\n                                            <div class=\"date\">\n                            <svg class=\"icon\" viewBox=\"0 0 60 60\">\n                                <use xlink:href=\"#calendar\"><\/use>\n                            <\/svg>\n                            <div class=\"date-text\">\n                                martes 18 agosto &nbsp;21:00h                                                                <div class=\"multi-date\">\n                                    <span><\/span><span><\/span><span><\/span><span><\/span>                                <\/div>\n                            <\/div>\n                        <\/div>\n                                                                <div class=\"location\">\n                            <svg class=\"icon\" viewBox=\"0 0 60 60\">\n                                <use xlink:href=\"#location\"><\/use>\n                            <\/svg>\n                            Monestir                        <\/div>\n                                    <\/div>\n            \n\n\n\n        <\/div>\n    <\/a>\n    \n\n<\/article>      \n  \n\n\n\n              \n\n<article class=\"artist-item element-item 20260819 post-984 artists type-artists status-publish has-post-thumbnail hentry artists_location-monestir artists_edition-18\">\n\n\n\n    \n    \n\n\n    <a href=\"https:\/\/www.portaferrada.cat\/es\/artists\/tina-gorin-ensemble\/\" title=\"Tina Gorina  &amp; Europa Galante\">\n\n        <img decoding=\"async\" width=\"768\" height=\"768\" src=\"https:\/\/www.portaferrada.cat\/wp-content\/uploads\/2026\/03\/TinaGorinaWeb-800x800.jpg\" class=\"attachment-medium_large size-medium_large wp-post-image\" alt=\"Tina Gorina &amp; Europa Galante\" srcset=\"https:\/\/www.portaferrada.cat\/wp-content\/uploads\/2026\/03\/TinaGorinaWeb-800x800.jpg 800w, https:\/\/www.portaferrada.cat\/wp-content\/uploads\/2026\/03\/TinaGorinaWeb-300x300.jpg 300w, https:\/\/www.portaferrada.cat\/wp-content\/uploads\/2026\/03\/TinaGorinaWeb-1124x1124.jpg 1124w, https:\/\/www.portaferrada.cat\/wp-content\/uploads\/2026\/03\/TinaGorinaWeb-150x150.jpg 150w, https:\/\/www.portaferrada.cat\/wp-content\/uploads\/2026\/03\/TinaGorinaWeb.jpg 1280w\" sizes=\"(max-width: 768px) 100vw, 768px\" \/>\n        <div class=\"inner\">\n            <p class=\"title\">\n                Tina Gorina  &amp; Europa Galante            <\/p>\n\n<!-- !location_has_value() && !date1_has_value() -->\n\n                            <div class=\"meta\">\n                                            <div class=\"date\">\n                            <svg class=\"icon\" viewBox=\"0 0 60 60\">\n                                <use xlink:href=\"#calendar\"><\/use>\n                            <\/svg>\n                            <div class=\"date-text\">\n                                mi\u00e9rcoles 19 agosto &nbsp;21:00h                                                                <div class=\"multi-date\">\n                                    <span><\/span><span><\/span><span><\/span><span><\/span>                                <\/div>\n                            <\/div>\n                        <\/div>\n                                                                <div class=\"location\">\n                            <svg class=\"icon\" viewBox=\"0 0 60 60\">\n                                <use xlink:href=\"#location\"><\/use>\n                            <\/svg>\n                            Monestir                        <\/div>\n                                    <\/div>\n            \n\n\n\n        <\/div>\n    <\/a>\n    \n\n<\/article>      \n  \n\n\n\n\n<\/section>\n\n\n<iframe src=\"https:\/\/www.google.com\/maps\/embed?pb=!1m18!1m12!1m3!1d3595.0718487150475!2d3.0267086000000005!3d41.7802162!2m3!1f0!2f0!3f0!3m2!1i1024!2i768!4f13.1!3m3!1m2!1s0x12bb0697e4e4ef79%3A0x4768fc07d6e54010!2sMonasterio%20de%20Sant%20Feliu%20de%20Gu%C3%ADxols!5e1!3m2!1ses!2ses!4v1774382489289!5m2!1ses!2ses\" width=\"100%\" height=\"450\" style=\"border:0;\" allowfullscreen=\"\" loading=\"lazy\" referrerpolicy=\"no-referrer-when-downgrade\"><\/iframe>\n\n\n\n<p><\/p>\n","protected":false},"excerpt":{"rendered":"<p>Uno de los espacios m\u00e1s emblem\u00e1ticos de Sant Feliu de Gu\u00edxols. El Monestir acoge los conciertos en un entorno cargado de historia, donde cada nota resuena [&hellip;]<\/p>\n","protected":false},"author":2,"featured_media":0,"parent":0,"menu_order":0,"comment_status":"closed","ping_status":"closed","template":"","meta":{"_acf_changed":false,"footnotes":""},"class_list":["post-1175","page","type-page","status-publish","hentry"],"acf":[],"yoast_head":"<!-- This site is optimized with the Yoast SEO plugin v27.5 - https:\/\/yoast.com\/product\/yoast-seo-wordpress\/ -->\n<title>Monestir - Festival de la Porta Ferrada Occident<\/title>\n<meta name=\"robots\" content=\"index, follow, max-snippet:-1, max-image-preview:large, max-video-preview:-1\" \/>\n<link rel=\"canonical\" href=\"https:\/\/www.portaferrada.cat\/es\/monestir\/\" \/>\n<meta property=\"og:locale\" content=\"es_ES\" \/>\n<meta property=\"og:type\" content=\"article\" \/>\n<meta property=\"og:title\" content=\"Monestir - Festival de la Porta Ferrada Occident\" \/>\n<meta property=\"og:description\" content=\"Uno de los espacios m\u00e1s emblem\u00e1ticos de Sant Feliu de Gu\u00edxols. El Monestir acoge los conciertos en un entorno cargado de historia, donde cada nota resuena [&hellip;]\" \/>\n<meta property=\"og:url\" content=\"https:\/\/www.portaferrada.cat\/es\/monestir\/\" \/>\n<meta property=\"og:site_name\" content=\"Festival de la Porta Ferrada Occident\" \/>\n<meta property=\"article:modified_time\" content=\"2026-04-17T09:05:24+00:00\" \/>\n<meta name=\"twitter:card\" content=\"summary_large_image\" \/>\n<meta name=\"twitter:label1\" content=\"Tiempo de lectura\" \/>\n\t<meta name=\"twitter:data1\" content=\"1 minuto\" \/>\n<script type=\"application\/ld+json\" class=\"yoast-schema-graph\">{\"@context\":\"https:\\\/\\\/schema.org\",\"@graph\":[{\"@type\":\"WebPage\",\"@id\":\"https:\\\/\\\/www.portaferrada.cat\\\/es\\\/monestir\\\/\",\"url\":\"https:\\\/\\\/www.portaferrada.cat\\\/es\\\/monestir\\\/\",\"name\":\"Monestir - Festival de la Porta Ferrada Occident\",\"isPartOf\":{\"@id\":\"https:\\\/\\\/www.portaferrada.cat\\\/es\\\/#website\"},\"primaryImageOfPage\":{\"@id\":\"https:\\\/\\\/www.portaferrada.cat\\\/es\\\/monestir\\\/#primaryimage\"},\"image\":{\"@id\":\"https:\\\/\\\/www.portaferrada.cat\\\/es\\\/monestir\\\/#primaryimage\"},\"thumbnailUrl\":\"https:\\\/\\\/www.portaferrada.cat\\\/wp-content\\\/uploads\\\/2026\\\/04\\\/Landings_Monestir-04.jpg\",\"datePublished\":\"2026-02-27T16:35:17+00:00\",\"dateModified\":\"2026-04-17T09:05:24+00:00\",\"breadcrumb\":{\"@id\":\"https:\\\/\\\/www.portaferrada.cat\\\/es\\\/monestir\\\/#breadcrumb\"},\"inLanguage\":\"es\",\"potentialAction\":[{\"@type\":\"ReadAction\",\"target\":[\"https:\\\/\\\/www.portaferrada.cat\\\/es\\\/monestir\\\/\"]}]},{\"@type\":\"ImageObject\",\"inLanguage\":\"es\",\"@id\":\"https:\\\/\\\/www.portaferrada.cat\\\/es\\\/monestir\\\/#primaryimage\",\"url\":\"https:\\\/\\\/www.portaferrada.cat\\\/wp-content\\\/uploads\\\/2026\\\/04\\\/Landings_Monestir-04.jpg\",\"contentUrl\":\"https:\\\/\\\/www.portaferrada.cat\\\/wp-content\\\/uploads\\\/2026\\\/04\\\/Landings_Monestir-04.jpg\"},{\"@type\":\"BreadcrumbList\",\"@id\":\"https:\\\/\\\/www.portaferrada.cat\\\/es\\\/monestir\\\/#breadcrumb\",\"itemListElement\":[{\"@type\":\"ListItem\",\"position\":1,\"name\":\"Home\",\"item\":\"https:\\\/\\\/www.portaferrada.cat\\\/es\\\/\"},{\"@type\":\"ListItem\",\"position\":2,\"name\":\"Monestir\"}]},{\"@type\":\"WebSite\",\"@id\":\"https:\\\/\\\/www.portaferrada.cat\\\/es\\\/#website\",\"url\":\"https:\\\/\\\/www.portaferrada.cat\\\/es\\\/\",\"name\":\"Festival de la Porta Ferrada Occident\",\"description\":\"Cultura, Vent i Sal\",\"potentialAction\":[{\"@type\":\"SearchAction\",\"target\":{\"@type\":\"EntryPoint\",\"urlTemplate\":\"https:\\\/\\\/www.portaferrada.cat\\\/es\\\/?s={search_term_string}\"},\"query-input\":{\"@type\":\"PropertyValueSpecification\",\"valueRequired\":true,\"valueName\":\"search_term_string\"}}],\"inLanguage\":\"es\"}]}<\/script>\n<!-- \/ Yoast SEO plugin. -->","yoast_head_json":{"title":"Monestir - Festival de la Porta Ferrada Occident","robots":{"index":"index","follow":"follow","max-snippet":"max-snippet:-1","max-image-preview":"max-image-preview:large","max-video-preview":"max-video-preview:-1"},"canonical":"https:\/\/www.portaferrada.cat\/es\/monestir\/","og_locale":"es_ES","og_type":"article","og_title":"Monestir - Festival de la Porta Ferrada Occident","og_description":"Uno de los espacios m\u00e1s emblem\u00e1ticos de Sant Feliu de Gu\u00edxols. El Monestir acoge los conciertos en un entorno cargado de historia, donde cada nota resuena [&hellip;]","og_url":"https:\/\/www.portaferrada.cat\/es\/monestir\/","og_site_name":"Festival de la Porta Ferrada Occident","article_modified_time":"2026-04-17T09:05:24+00:00","twitter_card":"summary_large_image","twitter_misc":{"Tiempo de lectura":"1 minuto"},"schema":{"@context":"https:\/\/schema.org","@graph":[{"@type":"WebPage","@id":"https:\/\/www.portaferrada.cat\/es\/monestir\/","url":"https:\/\/www.portaferrada.cat\/es\/monestir\/","name":"Monestir - Festival de la Porta Ferrada Occident","isPartOf":{"@id":"https:\/\/www.portaferrada.cat\/es\/#website"},"primaryImageOfPage":{"@id":"https:\/\/www.portaferrada.cat\/es\/monestir\/#primaryimage"},"image":{"@id":"https:\/\/www.portaferrada.cat\/es\/monestir\/#primaryimage"},"thumbnailUrl":"https:\/\/www.portaferrada.cat\/wp-content\/uploads\/2026\/04\/Landings_Monestir-04.jpg","datePublished":"2026-02-27T16:35:17+00:00","dateModified":"2026-04-17T09:05:24+00:00","breadcrumb":{"@id":"https:\/\/www.portaferrada.cat\/es\/monestir\/#breadcrumb"},"inLanguage":"es","potentialAction":[{"@type":"ReadAction","target":["https:\/\/www.portaferrada.cat\/es\/monestir\/"]}]},{"@type":"ImageObject","inLanguage":"es","@id":"https:\/\/www.portaferrada.cat\/es\/monestir\/#primaryimage","url":"https:\/\/www.portaferrada.cat\/wp-content\/uploads\/2026\/04\/Landings_Monestir-04.jpg","contentUrl":"https:\/\/www.portaferrada.cat\/wp-content\/uploads\/2026\/04\/Landings_Monestir-04.jpg"},{"@type":"BreadcrumbList","@id":"https:\/\/www.portaferrada.cat\/es\/monestir\/#breadcrumb","itemListElement":[{"@type":"ListItem","position":1,"name":"Home","item":"https:\/\/www.portaferrada.cat\/es\/"},{"@type":"ListItem","position":2,"name":"Monestir"}]},{"@type":"WebSite","@id":"https:\/\/www.portaferrada.cat\/es\/#website","url":"https:\/\/www.portaferrada.cat\/es\/","name":"Festival de la Porta Ferrada Occident","description":"Cultura, Vent i Sal","potentialAction":[{"@type":"SearchAction","target":{"@type":"EntryPoint","urlTemplate":"https:\/\/www.portaferrada.cat\/es\/?s={search_term_string}"},"query-input":{"@type":"PropertyValueSpecification","valueRequired":true,"valueName":"search_term_string"}}],"inLanguage":"es"}]}},"_links":{"self":[{"href":"https:\/\/www.portaferrada.cat\/es\/wp-json\/wp\/v2\/pages\/1175","targetHints":{"allow":["GET"]}}],"collection":[{"href":"https:\/\/www.portaferrada.cat\/es\/wp-json\/wp\/v2\/pages"}],"about":[{"href":"https:\/\/www.portaferrada.cat\/es\/wp-json\/wp\/v2\/types\/page"}],"author":[{"embeddable":true,"href":"https:\/\/www.portaferrada.cat\/es\/wp-json\/wp\/v2\/users\/2"}],"replies":[{"embeddable":true,"href":"https:\/\/www.portaferrada.cat\/es\/wp-json\/wp\/v2\/comments?post=1175"}],"version-history":[{"count":4,"href":"https:\/\/www.portaferrada.cat\/es\/wp-json\/wp\/v2\/pages\/1175\/revisions"}],"predecessor-version":[{"id":2689,"href":"https:\/\/www.portaferrada.cat\/es\/wp-json\/wp\/v2\/pages\/1175\/revisions\/2689"}],"wp:attachment":[{"href":"https:\/\/www.portaferrada.cat\/es\/wp-json\/wp\/v2\/media?parent=1175"}],"curies":[{"name":"wp","href":"https:\/\/api.w.org\/{rel}","templated":true}]}}